{"id":2848,"date":"2016-12-02T22:07:17","date_gmt":"2016-12-02T14:07:17","guid":{"rendered":"http:\/\/www.custom-displays.com\/?page_id=2848"},"modified":"2023-01-30T00:41:06","modified_gmt":"2023-01-30T08:41:06","slug":"how-to-order","status":"publish","type":"page","link":"https:\/\/makeup-display.com\/es\/how-to-order\/","title":{"rendered":"Servicio a medida"},"content":{"rendered":"<p><span style=\"color: #000000;\"><strong>Somos fabricante directo de la exhibici\u00f3n de acr\u00edlico de China, ofrecemos el servicio por encargo para todas las clases de exhibici\u00f3n cosm\u00e9tica de acr\u00edlico, de soportes de exhibici\u00f3n del maquillaje, y de otros productos de acr\u00edlico.<\/strong><\/span><\/p>\n<p><img decoding=\"async\" class=\"size-full wp-image-6596 aligncenter\" src=\"https:\/\/makeup-display.com\/wp-content\/uploads\/2022\/03\/How-to-order-from-us.png\" alt=\"C\u00f3mo hacernos un pedido\" width=\"750\" height=\"266\" srcset=\"https:\/\/makeup-display.com\/wp-content\/uploads\/2022\/03\/How-to-order-from-us.png 750w, https:\/\/makeup-display.com\/wp-content\/uploads\/2022\/03\/How-to-order-from-us-400x142.png 400w\" sizes=\"(max-width: 750px) 100vw, 750px\" \/><\/p>\n<p>1.  Si usted tiene su propia muestra \/ dibujo \/ fotos \/ especificaci\u00f3n \/ ideas, por favor env\u00edenos mensaje en l\u00ednea o correo electr\u00f3nico a <a href=\"mailto:sales@sundayknight.com\">sales@sundayknight.com<\/a> En breve le haremos un presupuesto.<\/p>\n<p>2.  Si le gustan nuestros art\u00edculos, por favor env\u00edenos un mensaje en l\u00ednea en la p\u00e1gina detallada del producto, o env\u00edenos un correo electr\u00f3nico con la siguiente informaci\u00f3n para la cita:<\/p>\n<p>(1). Imagen de referencia o n\u00famero de art\u00edculo o enlace de p\u00e1gina;<\/p>\n<p>(2). Especificaci\u00f3n detallada requerida, como dimensi\u00f3n \/ color, etc;<\/p>\n<p>(3). Cantidad del pedido.<\/p>\n<p style=\"text-align: center;\"><span style=\"color: #800080;\">\u00bfListo para disponer de expositores inteligentes que construyan su marca y aumenten sus ventas?<\/span><\/p>\n<p style=\"text-align: center;\"><span style=\"color: #0000ff;\"><em><strong>Estamos aqu\u00ed para usted.  Desde el dise\u00f1o, el prototipo, hasta la puesta en marcha con atenci\u00f3n al detalle.<\/strong><\/em><\/span><\/p>\n<p style=\"text-align: center;\"><a class=\"fancybox button_ default medium icon-edit-alt margin-t0  aligncenter\" href=\"#contact_form_pop\">\u00a1Contacto para personalizar ahora !<\/a><\/p>\n<div class=\"fancybox-hidden\" style=\"display: none;\">\n<div id=\"contact_form_pop\">\n<div class=\"wpcf7 no-js\" id=\"wpcf7-f2438-o1\" lang=\"en-US\" dir=\"ltr\" data-wpcf7-id=\"2438\">\n<div class=\"screen-reader-response\"><p role=\"status\" aria-live=\"polite\" aria-atomic=\"true\"><\/p> <ul><\/ul><\/div>\n<form action=\"\/es\/wp-json\/wp\/v2\/pages\/2848#wpcf7-f2438-o1\" method=\"post\" class=\"wpcf7-form init\" aria-label=\"Formulario de contacto\" novalidate=\"novalidate\" data-status=\"init\" data-trp-original-action=\"\/es\/wp-json\/wp\/v2\/pages\/2848#wpcf7-f2438-o1\">\n<fieldset class=\"hidden-fields-container\"><input type=\"hidden\" name=\"_wpcf7\" value=\"2438\" \/><input type=\"hidden\" name=\"_wpcf7_version\" value=\"6.1.5\" \/><input type=\"hidden\" name=\"_wpcf7_locale\" value=\"en_US\" \/><input type=\"hidden\" name=\"_wpcf7_unit_tag\" value=\"wpcf7-f2438-o1\" \/><input type=\"hidden\" name=\"_wpcf7_container_post\" value=\"0\" \/><input type=\"hidden\" name=\"_wpcf7_posted_data_hash\" value=\"\" \/>\n<\/fieldset>\n<div id=\"enquiry-form\">\n\t<p class=\"t\">Su nombre:\n\t<\/p>\n\t<p class=\"c\"><span class=\"wpcf7-form-control-wrap\" data-name=\"your-name\"><input size=\"40\" maxlength=\"400\" class=\"wpcf7-form-control wpcf7-text wpcf7-validates-as-required\" aria-required=\"true\" aria-invalid=\"false\" placeholder=\"Nombre\" value=\"\" type=\"text\" name=\"your-name\" \/><\/span>\n\t<\/p>\n\t<p class=\"t\">Su correo electr\u00f3nico:\n\t<\/p>\n\t<p class=\"c\"><span class=\"wpcf7-form-control-wrap\" data-name=\"your-email\"><input size=\"40\" maxlength=\"400\" class=\"wpcf7-form-control wpcf7-email wpcf7-validates-as-required wpcf7-text wpcf7-validates-as-email\" aria-required=\"true\" aria-invalid=\"false\" placeholder=\"Correo electr\u00f3nico\" value=\"\" type=\"email\" name=\"your-email\" \/><\/span>\n\t<\/p>\n\t<p class=\"t\">Mensaje:\n\t<\/p>\n\t<p class=\"c\"><span class=\"wpcf7-form-control-wrap\" data-name=\"your-message\"><textarea cols=\"40\" rows=\"10\" maxlength=\"2000\" class=\"wpcf7-form-control wpcf7-textarea wpcf7-validates-as-required\" aria-required=\"true\" aria-invalid=\"false\" placeholder=\"Su mensaje\" name=\"your-message\"><\/textarea><\/span>\n\t<\/p>\n<div class=\"wpcf7-response-output\" aria-hidden=\"true\"><\/div>\n\t<p class=\"t\"><span class=\"wpcf7-form-control-wrap\" data-name=\"quiz-math\"><label><span class=\"wpcf7-quiz-label\">Por favor, responda 1+6=?<\/span> <input size=\"40\" class=\"wpcf7-form-control wpcf7-quiz quiz\" autocomplete=\"off\" aria-required=\"true\" aria-invalid=\"false\" type=\"text\" name=\"quiz-math\" \/><\/label><input type=\"hidden\" name=\"_wpcf7_quiz_answer_quiz-math\" value=\"e08e46e5be2b6c55ad724602de5cedc5\" \/><\/span>\n\t<\/p>\n\t<p><input class=\"wpcf7-form-control wpcf7-submit has-spinner\" type=\"submit\" value=\"Enviar\" \/>\n\t<\/p>\n<\/div>\n<input type=\"hidden\" name=\"trp-form-language\" value=\"es\"\/><\/form>\n<\/div>\n<\/div>\n<\/div>\n\n\n<p><\/p>","protected":false},"excerpt":{"rendered":"","protected":false},"author":1,"featured_media":0,"parent":0,"menu_order":0,"comment_status":"closed","ping_status":"closed","template":"","meta":{"footnotes":""},"class_list":["post-2848","page","type-page","status-publish","hentry"],"yoast_head":"<!-- This site is optimized with the Yoast SEO plugin v27.5 - https:\/\/yoast.com\/product\/yoast-seo-wordpress\/ -->\n<title>How to order acrylic makeup display from direct Chinese factory?<\/title>\n<meta name=\"description\" content=\"Just please tell us your detailed requirement about the makeup display, we will quote for you soon. We offer custom service for all kinds of display stands.\" \/>\n<meta name=\"robots\" content=\"index, follow, max-snippet:-1, max-image-preview:large, max-video-preview:-1\" \/>\n<link rel=\"canonical\" href=\"https:\/\/makeup-display.com\/es\/how-to-order\/\" \/>\n<meta property=\"og:locale\" content=\"es_ES\" \/>\n<meta property=\"og:type\" content=\"article\" \/>\n<meta property=\"og:title\" content=\"How to order acrylic makeup display from direct Chinese factory?\" \/>\n<meta property=\"og:description\" content=\"Just please tell us your detailed requirement about the makeup display, we will quote for you soon. We offer custom service for all kinds of display stands.\" \/>\n<meta property=\"og:url\" content=\"https:\/\/makeup-display.com\/es\/how-to-order\/\" \/>\n<meta property=\"og:site_name\" content=\"China Makeup Display Manufacturer\" \/>\n<meta property=\"article:modified_time\" content=\"2023-01-30T08:41:06+00:00\" \/>\n<meta property=\"og:image\" content=\"https:\/\/makeup-display.com\/wp-content\/uploads\/2022\/03\/How-to-order-from-us.png\" \/>\n<meta name=\"twitter:label1\" content=\"Tiempo de lectura\" \/>\n\t<meta name=\"twitter:data1\" content=\"1 minuto\" \/>\n<script type=\"application\/ld+json\" class=\"yoast-schema-graph\">{\"@context\":\"https:\\\/\\\/schema.org\",\"@graph\":[{\"@type\":\"WebPage\",\"@id\":\"https:\\\/\\\/makeup-display.com\\\/how-to-order\\\/\",\"url\":\"https:\\\/\\\/makeup-display.com\\\/how-to-order\\\/\",\"name\":\"How to order acrylic makeup display from direct Chinese factory?\",\"isPartOf\":{\"@id\":\"https:\\\/\\\/makeup-display.com\\\/#website\"},\"primaryImageOfPage\":{\"@id\":\"https:\\\/\\\/makeup-display.com\\\/how-to-order\\\/#primaryimage\"},\"image\":{\"@id\":\"https:\\\/\\\/makeup-display.com\\\/how-to-order\\\/#primaryimage\"},\"thumbnailUrl\":\"https:\\\/\\\/makeup-display.com\\\/wp-content\\\/uploads\\\/2022\\\/03\\\/How-to-order-from-us.png\",\"datePublished\":\"2016-12-02T14:07:17+00:00\",\"dateModified\":\"2023-01-30T08:41:06+00:00\",\"description\":\"Just please tell us your detailed requirement about the makeup display, we will quote for you soon. We offer custom service for all kinds of display stands.\",\"breadcrumb\":{\"@id\":\"https:\\\/\\\/makeup-display.com\\\/how-to-order\\\/#breadcrumb\"},\"inLanguage\":\"es\",\"potentialAction\":[{\"@type\":\"ReadAction\",\"target\":[\"https:\\\/\\\/makeup-display.com\\\/how-to-order\\\/\"]}]},{\"@type\":\"ImageObject\",\"inLanguage\":\"es\",\"@id\":\"https:\\\/\\\/makeup-display.com\\\/how-to-order\\\/#primaryimage\",\"url\":\"https:\\\/\\\/makeup-display.com\\\/wp-content\\\/uploads\\\/2022\\\/03\\\/How-to-order-from-us.png\",\"contentUrl\":\"https:\\\/\\\/makeup-display.com\\\/wp-content\\\/uploads\\\/2022\\\/03\\\/How-to-order-from-us.png\"},{\"@type\":\"BreadcrumbList\",\"@id\":\"https:\\\/\\\/makeup-display.com\\\/how-to-order\\\/#breadcrumb\",\"itemListElement\":[{\"@type\":\"ListItem\",\"position\":1,\"name\":\"\u9996\u9875\",\"item\":\"https:\\\/\\\/makeup-display.com\\\/\"},{\"@type\":\"ListItem\",\"position\":2,\"name\":\"Custom service\"}]},{\"@type\":\"WebSite\",\"@id\":\"https:\\\/\\\/makeup-display.com\\\/#website\",\"url\":\"https:\\\/\\\/makeup-display.com\\\/\",\"name\":\"China Makeup Display Manufacturer\",\"description\":\"Custom Acrylic Makeup Display Stands\",\"publisher\":{\"@id\":\"https:\\\/\\\/makeup-display.com\\\/#organization\"},\"potentialAction\":[{\"@type\":\"SearchAction\",\"target\":{\"@type\":\"EntryPoint\",\"urlTemplate\":\"https:\\\/\\\/makeup-display.com\\\/?s={search_term_string}\"},\"query-input\":{\"@type\":\"PropertyValueSpecification\",\"valueRequired\":true,\"valueName\":\"search_term_string\"}}],\"inLanguage\":\"es\"},{\"@type\":\"Organization\",\"@id\":\"https:\\\/\\\/makeup-display.com\\\/#organization\",\"name\":\"China Makeup Display Manufacturer\",\"url\":\"https:\\\/\\\/makeup-display.com\\\/\",\"logo\":{\"@type\":\"ImageObject\",\"inLanguage\":\"es\",\"@id\":\"https:\\\/\\\/makeup-display.com\\\/#\\\/schema\\\/logo\\\/image\\\/\",\"url\":\"https:\\\/\\\/makeup-display.com\\\/wp-content\\\/uploads\\\/2021\\\/07\\\/logo-20210714.png\",\"contentUrl\":\"https:\\\/\\\/makeup-display.com\\\/wp-content\\\/uploads\\\/2021\\\/07\\\/logo-20210714.png\",\"width\":400,\"height\":64,\"caption\":\"China Makeup Display Manufacturer\"},\"image\":{\"@id\":\"https:\\\/\\\/makeup-display.com\\\/#\\\/schema\\\/logo\\\/image\\\/\"}}]}<\/script>\n<!-- \/ Yoast SEO plugin. -->","yoast_head_json":{"title":"\u00bfC\u00f3mo pedir un expositor de maquillaje acr\u00edlico directamente a una f\u00e1brica china?","description":"D\u00edganos sus requisitos detallados sobre el expositor de maquillaje y le enviaremos un presupuesto lo antes posible. Ofrecemos servicio personalizado para todo tipo de expositores.","robots":{"index":"index","follow":"follow","max-snippet":"max-snippet:-1","max-image-preview":"max-image-preview:large","max-video-preview":"max-video-preview:-1"},"canonical":"https:\/\/makeup-display.com\/es\/how-to-order\/","og_locale":"es_ES","og_type":"article","og_title":"How to order acrylic makeup display from direct Chinese factory?","og_description":"Just please tell us your detailed requirement about the makeup display, we will quote for you soon. We offer custom service for all kinds of display stands.","og_url":"https:\/\/makeup-display.com\/es\/how-to-order\/","og_site_name":"China Makeup Display Manufacturer","article_modified_time":"2023-01-30T08:41:06+00:00","og_image":[{"url":"https:\/\/makeup-display.com\/wp-content\/uploads\/2022\/03\/How-to-order-from-us.png","type":"","width":"","height":""}],"twitter_misc":{"Tiempo de lectura":"1 minuto"},"schema":{"@context":"https:\/\/schema.org","@graph":[{"@type":"WebPage","@id":"https:\/\/makeup-display.com\/how-to-order\/","url":"https:\/\/makeup-display.com\/how-to-order\/","name":"\u00bfC\u00f3mo pedir un expositor de maquillaje acr\u00edlico directamente a una f\u00e1brica china?","isPartOf":{"@id":"https:\/\/makeup-display.com\/#website"},"primaryImageOfPage":{"@id":"https:\/\/makeup-display.com\/how-to-order\/#primaryimage"},"image":{"@id":"https:\/\/makeup-display.com\/how-to-order\/#primaryimage"},"thumbnailUrl":"https:\/\/makeup-display.com\/wp-content\/uploads\/2022\/03\/How-to-order-from-us.png","datePublished":"2016-12-02T14:07:17+00:00","dateModified":"2023-01-30T08:41:06+00:00","description":"D\u00edganos sus requisitos detallados sobre el expositor de maquillaje y le enviaremos un presupuesto lo antes posible. Ofrecemos servicio personalizado para todo tipo de expositores.","breadcrumb":{"@id":"https:\/\/makeup-display.com\/how-to-order\/#breadcrumb"},"inLanguage":"es","potentialAction":[{"@type":"ReadAction","target":["https:\/\/makeup-display.com\/how-to-order\/"]}]},{"@type":"ImageObject","inLanguage":"es","@id":"https:\/\/makeup-display.com\/how-to-order\/#primaryimage","url":"https:\/\/makeup-display.com\/wp-content\/uploads\/2022\/03\/How-to-order-from-us.png","contentUrl":"https:\/\/makeup-display.com\/wp-content\/uploads\/2022\/03\/How-to-order-from-us.png"},{"@type":"BreadcrumbList","@id":"https:\/\/makeup-display.com\/how-to-order\/#breadcrumb","itemListElement":[{"@type":"ListItem","position":1,"name":"\u9996\u9875","item":"https:\/\/makeup-display.com\/"},{"@type":"ListItem","position":2,"name":"Custom service"}]},{"@type":"WebSite","@id":"https:\/\/makeup-display.com\/#website","url":"https:\/\/makeup-display.com\/","name":"Expositores de maquillaje Fabricantes","description":"Expositores de maquillaje acr\u00edlicos personalizados","publisher":{"@id":"https:\/\/makeup-display.com\/#organization"},"potentialAction":[{"@type":"SearchAction","target":{"@type":"EntryPoint","urlTemplate":"https:\/\/makeup-display.com\/?s={search_term_string}"},"query-input":{"@type":"PropertyValueSpecification","valueRequired":true,"valueName":"search_term_string"}}],"inLanguage":"es"},{"@type":"Organization","@id":"https:\/\/makeup-display.com\/#organization","name":"Expositores de maquillaje Fabricantes","url":"https:\/\/makeup-display.com\/","logo":{"@type":"ImageObject","inLanguage":"es","@id":"https:\/\/makeup-display.com\/#\/schema\/logo\/image\/","url":"https:\/\/makeup-display.com\/wp-content\/uploads\/2021\/07\/logo-20210714.png","contentUrl":"https:\/\/makeup-display.com\/wp-content\/uploads\/2021\/07\/logo-20210714.png","width":400,"height":64,"caption":"China Makeup Display Manufacturer"},"image":{"@id":"https:\/\/makeup-display.com\/#\/schema\/logo\/image\/"}}]}},"_links":{"self":[{"href":"https:\/\/makeup-display.com\/es\/wp-json\/wp\/v2\/pages\/2848","targetHints":{"allow":["GET"]}}],"collection":[{"href":"https:\/\/makeup-display.com\/es\/wp-json\/wp\/v2\/pages"}],"about":[{"href":"https:\/\/makeup-display.com\/es\/wp-json\/wp\/v2\/types\/page"}],"author":[{"embeddable":true,"href":"https:\/\/makeup-display.com\/es\/wp-json\/wp\/v2\/users\/1"}],"replies":[{"embeddable":true,"href":"https:\/\/makeup-display.com\/es\/wp-json\/wp\/v2\/comments?post=2848"}],"version-history":[{"count":0,"href":"https:\/\/makeup-display.com\/es\/wp-json\/wp\/v2\/pages\/2848\/revisions"}],"wp:attachment":[{"href":"https:\/\/makeup-display.com\/es\/wp-json\/wp\/v2\/media?parent=2848"}],"curies":[{"name":"wp","href":"https:\/\/api.w.org\/{rel}","templated":true}]}}