{"id":55,"date":"2016-12-02T13:37:39","date_gmt":"2016-12-02T05:37:39","guid":{"rendered":"http:\/\/rt18-t1028.bshark.com\/?page_id=55"},"modified":"2023-02-12T23:56:12","modified_gmt":"2023-02-13T07:56:12","slug":"about-us","status":"publish","type":"page","link":"https:\/\/makeup-display.com\/es\/about-us\/","title":{"rendered":"Qui\u00e9nes somos"},"content":{"rendered":"<p><strong>Caballero del domingo<sup>\u00ae<\/sup> Expositor de maquillaje<\/strong> es un fabricante l\u00edder de expositores acr\u00edlicos personalizados con sede en la ciudad de Dongguan, provincia de Guangdong, China. Nuestra empresa se dedica a ofrecer soluciones de expositores acr\u00edlicos innovadoras y de alta calidad al sector de la cosm\u00e9tica y la belleza. Con un enfoque en la calidad y la satisfacci\u00f3n del cliente, nos especializamos en la producci\u00f3n de una amplia gama de expositores acr\u00edlicos, incluyendo expositores de maquillaje, expositores de cosm\u00e9ticos, expositores de barras de labios, expositores de pinceles de maquillaje, expositores de productos para el cuidado de la piel, expositores de l\u00e1pices de cejas, expositores de pesta\u00f1as, cajas de pesta\u00f1as, expositores de m\u00e1scaras faciales, organizadores de maquillaje, expositores de esmaltes de u\u00f1as, expositores de perfumes, y mucho m\u00e1s.<\/p>\n<p>Somos conscientes de la importancia de suministrar productos que cumplan las estrictas normas de la industria cosm\u00e9tica y de belleza. Por eso hemos invertido en talleres especializados, empleados cualificados y m\u00e1quinas de alto rendimiento para garantizar que podemos fabricar productos de la m\u00e1xima calidad con la m\u00e1xima capacidad de producci\u00f3n. Nuestra capacidad para emprender diversos pedidos ODM y OEM tambi\u00e9n nos permite ofrecer soluciones personalizadas que satisfacen las necesidades \u00fanicas de nuestros clientes.<\/p>\n\n<div class=\"wp-block-image\">\n<figure class=\"aligncenter size-full\"><img decoding=\"async\" width=\"750\" height=\"500\" src=\"https:\/\/makeup-display.com\/wp-content\/uploads\/2022\/03\/Our-workshop.jpg\" alt=\"Nuestro taller\" class=\"wp-image-6569\" srcset=\"https:\/\/makeup-display.com\/wp-content\/uploads\/2022\/03\/Our-workshop.jpg 750w, https:\/\/makeup-display.com\/wp-content\/uploads\/2022\/03\/Our-workshop-400x267.jpg 400w\" sizes=\"(max-width: 750px) 100vw, 750px\" \/><\/figure>\n<\/div>\n\n\n<p>En Sunday Knight<sup>\u00ae<\/sup> Makeup Display, nos comprometemos a proporcionar a nuestros clientes la mejor experiencia de compra posible. Nuestros productos tienen una gran demanda y se exportan a pa\u00edses como EE.UU., Europa, Australia, Jap\u00f3n y Oriente Medio. Nuestro enfoque en la calidad y la satisfacci\u00f3n del cliente nos ha granjeado una s\u00f3lida reputaci\u00f3n en el sector y nos ha permitido establecer relaciones duraderas con nuestros clientes.<\/p>\n\n\n\n<p>Adem\u00e1s de nuestro compromiso con la calidad, tambi\u00e9n nos dedicamos a ofrecer un excelente servicio al cliente. Nuestro equipo de expertos est\u00e1 siempre a su disposici\u00f3n para responder a cualquier pregunta o duda y prestarle apoyo durante todo el proceso, desde la consulta inicial hasta la entrega final.<\/p>\n\n\n\n<p>En conclusi\u00f3n, si necesita un fabricante fiable y de confianza de expositores acr\u00edlicos personalizados para el sector de la cosm\u00e9tica y la belleza, no busque m\u00e1s all\u00e1 de Sunday Knight.<sup>\u00ae<\/sup> Expositores de maquillaje. Con un fuerte compromiso con la calidad, una amplia gama de personalizaciones y un dedicado equipo de expertos, somos la opci\u00f3n ideal para todas sus necesidades de expositores de maquillaje.<\/p>\n\n\n\n<p><\/p>\n\n\n\n<h2 class=\"wp-block-heading\">\u00bfPor qu\u00e9 elegirnos?<\/h2>\n\n\n\n<p><strong>Excelente servicio al cliente<\/strong><br>Nuestro equipo de expertos est\u00e1 siempre a su disposici\u00f3n para ayudarle y responder a sus preguntas.<\/p>\n\n\n\n<p><strong>Soluciones rentables<\/strong><br>Al eliminar al intermediario, podemos ofrecer nuestros productos a un coste inferior sin comprometer la calidad.<\/p>\n\n\n\n<p><strong>Productos de alta calidad<\/strong><br>S\u00f3lo utilizamos los mejores materiales y la tecnolog\u00eda m\u00e1s avanzada para fabricar productos que cumplan las normas m\u00e1s estrictas de la industria cosm\u00e9tica y de belleza.<\/p>\n\n\n\n<p><strong>Flexibilidad en el dise\u00f1o<\/strong><br>Entendemos la importancia de tener un producto que sea \u00fanico para su marca, por lo que ofrecemos servicios de personalizaci\u00f3n personalizados para garantizar que su expositor acr\u00edlico destaque sobre los dem\u00e1s.<\/p>\n\n\n\n<p><strong>Producci\u00f3n r\u00e1pida y eficaz<\/strong><br>Como fabricante directo, podemos controlar el proceso de producci\u00f3n de principio a fin y garantizar plazos de entrega r\u00e1pidos, incluso para pedidos urgentes.<\/p>\n\n\n\n<p><strong>Experiencia en el sector<\/strong><br>Con muchos a\u00f1os de experiencia en la producci\u00f3n de expositores acr\u00edlicos, hemos desarrollado un profundo conocimiento del sector y hemos trabajado con una amplia gama de clientes, incluidos clientes famosos.<\/p>\n\n\n\n<p>En conclusi\u00f3n, elegir Sunday Knight<sup>\u00ae<\/sup> Makeup Display como su proveedor de soluciones de expositores acr\u00edlicos personalizados le ofrece numerosas ventajas, como ahorro de costes, garant\u00edas de calidad, personalizaci\u00f3n personalizada, plazos de entrega r\u00e1pidos y experiencia en el sector. P\u00f3ngase en contacto con nosotros hoy mismo para ver c\u00f3mo podemos ayudarle a hacer realidad su visi\u00f3n.<\/p>\n\n\n\n<h3 class=\"wp-block-heading\"><mark style=\"background-color:rgba(0, 0, 0, 0)\" class=\"has-inline-color has-vivid-purple-color\">Algunos de nuestros socios colaboradores :<\/mark><\/h3>\n\n\n<div class=\"wp-block-image\">\n<figure class=\"aligncenter size-full\"><img decoding=\"async\" width=\"1200\" height=\"190\" src=\"https:\/\/makeup-display.com\/wp-content\/uploads\/2022\/03\/Our-Cooperation-Partners.png\" alt=\"Nuestros socios colaboradores\" class=\"wp-image-6572\" srcset=\"https:\/\/makeup-display.com\/wp-content\/uploads\/2022\/03\/Our-Cooperation-Partners.png 1200w, https:\/\/makeup-display.com\/wp-content\/uploads\/2022\/03\/Our-Cooperation-Partners-400x63.png 400w, https:\/\/makeup-display.com\/wp-content\/uploads\/2022\/03\/Our-Cooperation-Partners-768x122.png 768w\" sizes=\"(max-width: 1200px) 100vw, 1200px\" \/><\/figure>\n<\/div>\n\n\n<p><\/p>","protected":false},"excerpt":{"rendered":"","protected":false},"author":1,"featured_media":0,"parent":0,"menu_order":0,"comment_status":"closed","ping_status":"closed","template":"","meta":{"footnotes":""},"class_list":["post-55","page","type-page","status-publish","hentry"],"yoast_head":"<!-- This site is optimized with the Yoast SEO plugin v27.5 - https:\/\/yoast.com\/product\/yoast-seo-wordpress\/ -->\n<title>About us - Professional Chinese makeup display factory<\/title>\n<meta name=\"description\" content=\"We specialized in making Makeup display stand, Cosmetic display, Lipstick display stand, Makeup brush display, Skin care product display\" \/>\n<meta name=\"robots\" content=\"index, follow, max-snippet:-1, max-image-preview:large, max-video-preview:-1\" \/>\n<link rel=\"canonical\" href=\"https:\/\/makeup-display.com\/es\/about-us\/\" \/>\n<meta property=\"og:locale\" content=\"es_ES\" \/>\n<meta property=\"og:type\" content=\"article\" \/>\n<meta property=\"og:title\" content=\"About us - Professional Chinese makeup display factory\" \/>\n<meta property=\"og:description\" content=\"We specialized in making Makeup display stand, Cosmetic display, Lipstick display stand, Makeup brush display, Skin care product display\" \/>\n<meta property=\"og:url\" content=\"https:\/\/makeup-display.com\/es\/about-us\/\" \/>\n<meta property=\"og:site_name\" content=\"China Makeup Display Manufacturer\" \/>\n<meta property=\"article:modified_time\" content=\"2023-02-13T07:56:12+00:00\" \/>\n<meta property=\"og:image\" content=\"https:\/\/makeup-display.com\/wp-content\/uploads\/2022\/03\/Our-workshop.jpg\" \/>\n<meta name=\"twitter:label1\" content=\"Tiempo de lectura\" \/>\n\t<meta name=\"twitter:data1\" content=\"3 minutos\" \/>\n<script type=\"application\/ld+json\" class=\"yoast-schema-graph\">{\"@context\":\"https:\\\/\\\/schema.org\",\"@graph\":[{\"@type\":\"WebPage\",\"@id\":\"https:\\\/\\\/makeup-display.com\\\/about-us\\\/\",\"url\":\"https:\\\/\\\/makeup-display.com\\\/about-us\\\/\",\"name\":\"About us - Professional Chinese makeup display factory\",\"isPartOf\":{\"@id\":\"https:\\\/\\\/makeup-display.com\\\/#website\"},\"primaryImageOfPage\":{\"@id\":\"https:\\\/\\\/makeup-display.com\\\/about-us\\\/#primaryimage\"},\"image\":{\"@id\":\"https:\\\/\\\/makeup-display.com\\\/about-us\\\/#primaryimage\"},\"thumbnailUrl\":\"https:\\\/\\\/makeup-display.com\\\/wp-content\\\/uploads\\\/2022\\\/03\\\/Our-workshop.jpg\",\"datePublished\":\"2016-12-02T05:37:39+00:00\",\"dateModified\":\"2023-02-13T07:56:12+00:00\",\"description\":\"We specialized in making Makeup display stand, Cosmetic display, Lipstick display stand, Makeup brush display, Skin care product display\",\"breadcrumb\":{\"@id\":\"https:\\\/\\\/makeup-display.com\\\/about-us\\\/#breadcrumb\"},\"inLanguage\":\"es\",\"potentialAction\":[{\"@type\":\"ReadAction\",\"target\":[\"https:\\\/\\\/makeup-display.com\\\/about-us\\\/\"]}]},{\"@type\":\"ImageObject\",\"inLanguage\":\"es\",\"@id\":\"https:\\\/\\\/makeup-display.com\\\/about-us\\\/#primaryimage\",\"url\":\"https:\\\/\\\/makeup-display.com\\\/wp-content\\\/uploads\\\/2022\\\/03\\\/Our-workshop.jpg\",\"contentUrl\":\"https:\\\/\\\/makeup-display.com\\\/wp-content\\\/uploads\\\/2022\\\/03\\\/Our-workshop.jpg\"},{\"@type\":\"BreadcrumbList\",\"@id\":\"https:\\\/\\\/makeup-display.com\\\/about-us\\\/#breadcrumb\",\"itemListElement\":[{\"@type\":\"ListItem\",\"position\":1,\"name\":\"\u9996\u9875\",\"item\":\"https:\\\/\\\/makeup-display.com\\\/\"},{\"@type\":\"ListItem\",\"position\":2,\"name\":\"About us\"}]},{\"@type\":\"WebSite\",\"@id\":\"https:\\\/\\\/makeup-display.com\\\/#website\",\"url\":\"https:\\\/\\\/makeup-display.com\\\/\",\"name\":\"China Makeup Display Manufacturer\",\"description\":\"Custom Acrylic Makeup Display Stands\",\"publisher\":{\"@id\":\"https:\\\/\\\/makeup-display.com\\\/#organization\"},\"potentialAction\":[{\"@type\":\"SearchAction\",\"target\":{\"@type\":\"EntryPoint\",\"urlTemplate\":\"https:\\\/\\\/makeup-display.com\\\/?s={search_term_string}\"},\"query-input\":{\"@type\":\"PropertyValueSpecification\",\"valueRequired\":true,\"valueName\":\"search_term_string\"}}],\"inLanguage\":\"es\"},{\"@type\":\"Organization\",\"@id\":\"https:\\\/\\\/makeup-display.com\\\/#organization\",\"name\":\"China Makeup Display Manufacturer\",\"url\":\"https:\\\/\\\/makeup-display.com\\\/\",\"logo\":{\"@type\":\"ImageObject\",\"inLanguage\":\"es\",\"@id\":\"https:\\\/\\\/makeup-display.com\\\/#\\\/schema\\\/logo\\\/image\\\/\",\"url\":\"https:\\\/\\\/makeup-display.com\\\/wp-content\\\/uploads\\\/2021\\\/07\\\/logo-20210714.png\",\"contentUrl\":\"https:\\\/\\\/makeup-display.com\\\/wp-content\\\/uploads\\\/2021\\\/07\\\/logo-20210714.png\",\"width\":400,\"height\":64,\"caption\":\"China Makeup Display Manufacturer\"},\"image\":{\"@id\":\"https:\\\/\\\/makeup-display.com\\\/#\\\/schema\\\/logo\\\/image\\\/\"}}]}<\/script>\n<!-- \/ Yoast SEO plugin. -->","yoast_head_json":{"title":"Sobre nosotros - F\u00e1brica profesional china de expositores de maquillaje","description":"Estamos especializados en la fabricaci\u00f3n de maquillaje expositor, cosm\u00e9ticos pantalla, l\u00e1piz labial expositor, cepillo de maquillaje pantalla, cuidado de la piel pantalla de productos","robots":{"index":"index","follow":"follow","max-snippet":"max-snippet:-1","max-image-preview":"max-image-preview:large","max-video-preview":"max-video-preview:-1"},"canonical":"https:\/\/makeup-display.com\/es\/about-us\/","og_locale":"es_ES","og_type":"article","og_title":"About us - Professional Chinese makeup display factory","og_description":"We specialized in making Makeup display stand, Cosmetic display, Lipstick display stand, Makeup brush display, Skin care product display","og_url":"https:\/\/makeup-display.com\/es\/about-us\/","og_site_name":"China Makeup Display Manufacturer","article_modified_time":"2023-02-13T07:56:12+00:00","og_image":[{"url":"https:\/\/makeup-display.com\/wp-content\/uploads\/2022\/03\/Our-workshop.jpg","type":"","width":"","height":""}],"twitter_misc":{"Tiempo de lectura":"3 minutos"},"schema":{"@context":"https:\/\/schema.org","@graph":[{"@type":"WebPage","@id":"https:\/\/makeup-display.com\/about-us\/","url":"https:\/\/makeup-display.com\/about-us\/","name":"Sobre nosotros - F\u00e1brica profesional china de expositores de maquillaje","isPartOf":{"@id":"https:\/\/makeup-display.com\/#website"},"primaryImageOfPage":{"@id":"https:\/\/makeup-display.com\/about-us\/#primaryimage"},"image":{"@id":"https:\/\/makeup-display.com\/about-us\/#primaryimage"},"thumbnailUrl":"https:\/\/makeup-display.com\/wp-content\/uploads\/2022\/03\/Our-workshop.jpg","datePublished":"2016-12-02T05:37:39+00:00","dateModified":"2023-02-13T07:56:12+00:00","description":"Estamos especializados en la fabricaci\u00f3n de maquillaje expositor, cosm\u00e9ticos pantalla, l\u00e1piz labial expositor, cepillo de maquillaje pantalla, cuidado de la piel pantalla de productos","breadcrumb":{"@id":"https:\/\/makeup-display.com\/about-us\/#breadcrumb"},"inLanguage":"es","potentialAction":[{"@type":"ReadAction","target":["https:\/\/makeup-display.com\/about-us\/"]}]},{"@type":"ImageObject","inLanguage":"es","@id":"https:\/\/makeup-display.com\/about-us\/#primaryimage","url":"https:\/\/makeup-display.com\/wp-content\/uploads\/2022\/03\/Our-workshop.jpg","contentUrl":"https:\/\/makeup-display.com\/wp-content\/uploads\/2022\/03\/Our-workshop.jpg"},{"@type":"BreadcrumbList","@id":"https:\/\/makeup-display.com\/about-us\/#breadcrumb","itemListElement":[{"@type":"ListItem","position":1,"name":"\u9996\u9875","item":"https:\/\/makeup-display.com\/"},{"@type":"ListItem","position":2,"name":"About us"}]},{"@type":"WebSite","@id":"https:\/\/makeup-display.com\/#website","url":"https:\/\/makeup-display.com\/","name":"Expositores de maquillaje Fabricantes","description":"Expositores de maquillaje acr\u00edlicos personalizados","publisher":{"@id":"https:\/\/makeup-display.com\/#organization"},"potentialAction":[{"@type":"SearchAction","target":{"@type":"EntryPoint","urlTemplate":"https:\/\/makeup-display.com\/?s={search_term_string}"},"query-input":{"@type":"PropertyValueSpecification","valueRequired":true,"valueName":"search_term_string"}}],"inLanguage":"es"},{"@type":"Organization","@id":"https:\/\/makeup-display.com\/#organization","name":"Expositores de maquillaje Fabricantes","url":"https:\/\/makeup-display.com\/","logo":{"@type":"ImageObject","inLanguage":"es","@id":"https:\/\/makeup-display.com\/#\/schema\/logo\/image\/","url":"https:\/\/makeup-display.com\/wp-content\/uploads\/2021\/07\/logo-20210714.png","contentUrl":"https:\/\/makeup-display.com\/wp-content\/uploads\/2021\/07\/logo-20210714.png","width":400,"height":64,"caption":"China Makeup Display Manufacturer"},"image":{"@id":"https:\/\/makeup-display.com\/#\/schema\/logo\/image\/"}}]}},"_links":{"self":[{"href":"https:\/\/makeup-display.com\/es\/wp-json\/wp\/v2\/pages\/55","targetHints":{"allow":["GET"]}}],"collection":[{"href":"https:\/\/makeup-display.com\/es\/wp-json\/wp\/v2\/pages"}],"about":[{"href":"https:\/\/makeup-display.com\/es\/wp-json\/wp\/v2\/types\/page"}],"author":[{"embeddable":true,"href":"https:\/\/makeup-display.com\/es\/wp-json\/wp\/v2\/users\/1"}],"replies":[{"embeddable":true,"href":"https:\/\/makeup-display.com\/es\/wp-json\/wp\/v2\/comments?post=55"}],"version-history":[{"count":0,"href":"https:\/\/makeup-display.com\/es\/wp-json\/wp\/v2\/pages\/55\/revisions"}],"wp:attachment":[{"href":"https:\/\/makeup-display.com\/es\/wp-json\/wp\/v2\/media?parent=55"}],"curies":[{"name":"wp","href":"https:\/\/api.w.org\/{rel}","templated":true}]}}