{"id":55,"date":"2016-12-02T13:37:39","date_gmt":"2016-12-02T05:37:39","guid":{"rendered":"http:\/\/rt18-t1028.bshark.com\/?page_id=55"},"modified":"2023-02-12T23:56:12","modified_gmt":"2023-02-13T07:56:12","slug":"about-us","status":"publish","type":"page","link":"https:\/\/makeup-display.com\/et\/about-us\/","title":{"rendered":"Meie kohta"},"content":{"rendered":"<p><strong>P\u00fchap\u00e4evane r\u00fc\u00fctel<sup>\u00ae<\/sup> Make-up ekraan<\/strong> on juhtiv kohandatud akr\u00fc\u00fclkuvarite tootja, mis asub Dongguan City's, Guangdongi provintsis, Hiinas. Meie ettev\u00f5te on p\u00fchendunud kosmeetika- ja ilut\u00f6\u00f6stusele kvaliteetsete ja uuenduslike akr\u00fc\u00fclkuvarustuse lahenduste pakkumisele. Keskendudes kvaliteedile ja kliendi rahulolule, oleme spetsialiseerunud mitmesuguste akr\u00fc\u00fclkuvarjundite tootmisele, sealhulgas meigikuvarjundite, kosmeetikakuvarjundite, huulepulkade, meigiharjade, nahahooldustoodete, kulmupliiatsite, ripsmete, ripsmekarpide, n\u00e4omaskide, meigikorraldajate, k\u00fc\u00fcnelakkide, parf\u00fc\u00fcmide ja muude n\u00e4idikute valmistamisele.<\/p>\n<p>Me m\u00f5istame, kui oluline on pakkuda tooteid, mis vastavad kosmeetika- ja ilut\u00f6\u00f6stuse k\u00f5rgetele standarditele. Seep\u00e4rast oleme investeerinud spetsialiseeritud t\u00f6\u00f6kodadesse, kvalifitseeritud t\u00f6\u00f6tajatesse ja k\u00f5rgtehnoloogilistesse masinatesse, et tagada tippkvaliteediga toodete tootmine maksimaalse tootmisv\u00f5imsusega. Meie v\u00f5ime v\u00f5tta vastu erinevaid ODM- ja OEM-tellimusi v\u00f5imaldab meil pakkuda ka kohandatud lahendusi, mis vastavad meie klientide ainulaadsetele vajadustele.<\/p>\n\n<div class=\"wp-block-image\">\n<figure class=\"aligncenter size-full\"><img decoding=\"async\" width=\"750\" height=\"500\" src=\"https:\/\/makeup-display.com\/wp-content\/uploads\/2022\/03\/Our-workshop.jpg\" alt=\"Meie t\u00f6\u00f6koda\" class=\"wp-image-6569\" srcset=\"https:\/\/makeup-display.com\/wp-content\/uploads\/2022\/03\/Our-workshop.jpg 750w, https:\/\/makeup-display.com\/wp-content\/uploads\/2022\/03\/Our-workshop-400x267.jpg 400w\" sizes=\"(max-width: 750px) 100vw, 750px\" \/><\/figure>\n<\/div>\n\n\n<p>P\u00fchap\u00e4evasel r\u00fc\u00fctlip\u00e4eval<sup>\u00ae<\/sup> Makeup Display, oleme p\u00fchendunud sellele, et pakkuda oma klientidele parimat v\u00f5imalikku ostukogemust. Meie toodete j\u00e4rele on suur n\u00f5udlus ja neid eksporditakse \u00fclemaailmselt sellistesse riikidesse nagu USA, Euroopa, Austraalia, Jaapan ja L\u00e4his-Ida. Meie keskendumine kvaliteedile ja klientide rahulolule on toonud meile tugeva maine t\u00f6\u00f6stuses ja v\u00f5imaldanud meil luua pikaajalisi suhteid oma klientidega.<\/p>\n\n\n\n<p>Lisaks meie p\u00fchendumisele kvaliteedile oleme p\u00fchendunud ka suurep\u00e4rase klienditeeninduse pakkumisele. Meie ekspertide meeskond on alati valmis vastama k\u00f5ikidele k\u00fcsimustele ja muredele ning pakkuma tuge kogu protsessi v\u00e4ltel, alates esmasest konsultatsioonist kuni l\u00f5pliku tarnimiseni.<\/p>\n\n\n\n<p>Kokkuv\u00f5tteks, kui teil on vaja usaldusv\u00e4\u00e4rset ja usaldusv\u00e4\u00e4rset kosmeetika- ja ilut\u00f6\u00f6stuse kohandatud akr\u00fc\u00fclkuvarite tootjat, siis \u00e4rge vaadake kaugemale kui Sunday Knight.<sup>\u00ae<\/sup> Meigiekraan. T\u00e4nu tugevale p\u00fchendumisele kvaliteedile, mitmesugustele kohandustele ja p\u00fchendunud ekspertide meeskonnale oleme ideaalne valik k\u00f5igi teie meigiekraanide vajaduste jaoks.<\/p>\n\n\n\n<p><\/p>\n\n\n\n<h2 class=\"wp-block-heading\">Miks valida meid?<\/h2>\n\n\n\n<p><strong>Suurep\u00e4rane klienditeenindus<\/strong><br>Meie ekspertide meeskond on alati saadaval, et pakkuda tuge ja vastata teie k\u00fcsimustele.<\/p>\n\n\n\n<p><strong>Kulut\u00f5husad lahendused<\/strong><br>K\u00f5rvaldades vahendaja, suudame pakkuda oma tooteid madalama hinnaga, ilma kvaliteedi osas j\u00e4releandmisi tegemata.<\/p>\n\n\n\n<p><strong>Kvaliteetsed tooted<\/strong><br>Kasutame ainult parimaid materjale ja uusimat tehnoloogiat, et toota tooteid, mis vastavad kosmeetika- ja ilut\u00f6\u00f6stuse k\u00f5rgeimatele standarditele.<\/p>\n\n\n\n<p><strong>Paindlikkus disainis<\/strong><br>Me m\u00f5istame, kui oluline on, et toode oleks teie br\u00e4ndi jaoks ainulaadne, mist\u00f5ttu pakume isikup\u00e4rastatud kohandamisteenust, et tagada, et teie akr\u00fc\u00fclkuvar eristuks teistest.<\/p>\n\n\n\n<p><strong>Kiire ja t\u00f5hus tootmine<\/strong><br>Otsetootjana saame kontrollida tootmisprotsessi algusest l\u00f5puni ja tagada kiire tarneaja, isegi kiireloomuliste tellimuste puhul.<\/p>\n\n\n\n<p><strong>Asjatundlikkus t\u00f6\u00f6stuses<\/strong><br>Kuna meil on aastatepikkune kogemus akr\u00fc\u00fclkuvarjundite tootmises, oleme omandanud p\u00f5hjalikud teadmised t\u00f6\u00f6stusharust ja teinud koost\u00f6\u00f6d paljude klientidega, sealhulgas kuulsate klientidega.<\/p>\n\n\n\n<p>Kokkuv\u00f5tteks, valides p\u00fchap\u00e4eva r\u00fc\u00fctli<sup>\u00ae<\/sup> Makeup Display kui teie kohandatud akr\u00fc\u00fclkuvarustuse lahenduse pakkuja pakub mitmeid eeliseid, sealhulgas kulude kokkuhoidu, kvaliteedigarantiid, isikup\u00e4rastatud kohandamist, kiireid tarneaegu ja teadmisi t\u00f6\u00f6stusharus. V\u00f5tke meiega juba t\u00e4na \u00fchendust, et n\u00e4ha, kuidas me saame aidata teie visiooni ellu viia.<\/p>\n\n\n\n<h3 class=\"wp-block-heading\"><mark style=\"background-color:rgba(0, 0, 0, 0)\" class=\"has-inline-color has-vivid-purple-color\">M\u00f5ned meie koost\u00f6\u00f6partnerid :<\/mark><\/h3>\n\n\n<div class=\"wp-block-image\">\n<figure class=\"aligncenter size-full\"><img decoding=\"async\" width=\"1200\" height=\"190\" src=\"https:\/\/makeup-display.com\/wp-content\/uploads\/2022\/03\/Our-Cooperation-Partners.png\" alt=\"Meie koost\u00f6\u00f6partnerid\" class=\"wp-image-6572\" srcset=\"https:\/\/makeup-display.com\/wp-content\/uploads\/2022\/03\/Our-Cooperation-Partners.png 1200w, https:\/\/makeup-display.com\/wp-content\/uploads\/2022\/03\/Our-Cooperation-Partners-400x63.png 400w, https:\/\/makeup-display.com\/wp-content\/uploads\/2022\/03\/Our-Cooperation-Partners-768x122.png 768w\" sizes=\"(max-width: 1200px) 100vw, 1200px\" \/><\/figure>\n<\/div>\n\n\n<p><\/p>","protected":false},"excerpt":{"rendered":"","protected":false},"author":1,"featured_media":0,"parent":0,"menu_order":0,"comment_status":"closed","ping_status":"closed","template":"","meta":{"footnotes":""},"class_list":["post-55","page","type-page","status-publish","hentry"],"yoast_head":"<!-- This site is optimized with the Yoast SEO plugin v27.3 - https:\/\/yoast.com\/product\/yoast-seo-wordpress\/ -->\n<title>About us - Professional Chinese makeup display factory<\/title>\n<meta name=\"description\" content=\"We specialized in making Makeup display stand, Cosmetic display, Lipstick display stand, Makeup brush display, Skin care product display\" \/>\n<meta name=\"robots\" content=\"index, follow, max-snippet:-1, max-image-preview:large, max-video-preview:-1\" \/>\n<link rel=\"canonical\" href=\"https:\/\/makeup-display.com\/et\/about-us\/\" \/>\n<meta property=\"og:locale\" content=\"et_EE\" \/>\n<meta property=\"og:type\" content=\"article\" \/>\n<meta property=\"og:title\" content=\"About us - Professional Chinese makeup display factory\" \/>\n<meta property=\"og:description\" content=\"We specialized in making Makeup display stand, Cosmetic display, Lipstick display stand, Makeup brush display, Skin care product display\" \/>\n<meta property=\"og:url\" content=\"https:\/\/makeup-display.com\/et\/about-us\/\" \/>\n<meta property=\"og:site_name\" content=\"China Makeup Display Manufacturer\" \/>\n<meta property=\"article:modified_time\" content=\"2023-02-13T07:56:12+00:00\" \/>\n<meta property=\"og:image\" content=\"https:\/\/makeup-display.com\/wp-content\/uploads\/2022\/03\/Our-workshop.jpg\" \/>\n<meta name=\"twitter:label1\" content=\"Est. reading time\" \/>\n\t<meta name=\"twitter:data1\" content=\"3 minutit\" \/>\n<script type=\"application\/ld+json\" class=\"yoast-schema-graph\">{\"@context\":\"https:\\\/\\\/schema.org\",\"@graph\":[{\"@type\":\"WebPage\",\"@id\":\"https:\\\/\\\/makeup-display.com\\\/about-us\\\/\",\"url\":\"https:\\\/\\\/makeup-display.com\\\/about-us\\\/\",\"name\":\"About us - Professional Chinese makeup display factory\",\"isPartOf\":{\"@id\":\"https:\\\/\\\/makeup-display.com\\\/#website\"},\"primaryImageOfPage\":{\"@id\":\"https:\\\/\\\/makeup-display.com\\\/about-us\\\/#primaryimage\"},\"image\":{\"@id\":\"https:\\\/\\\/makeup-display.com\\\/about-us\\\/#primaryimage\"},\"thumbnailUrl\":\"https:\\\/\\\/makeup-display.com\\\/wp-content\\\/uploads\\\/2022\\\/03\\\/Our-workshop.jpg\",\"datePublished\":\"2016-12-02T05:37:39+00:00\",\"dateModified\":\"2023-02-13T07:56:12+00:00\",\"description\":\"We specialized in making Makeup display stand, Cosmetic display, Lipstick display stand, Makeup brush display, Skin care product display\",\"breadcrumb\":{\"@id\":\"https:\\\/\\\/makeup-display.com\\\/about-us\\\/#breadcrumb\"},\"inLanguage\":\"et\",\"potentialAction\":[{\"@type\":\"ReadAction\",\"target\":[\"https:\\\/\\\/makeup-display.com\\\/about-us\\\/\"]}]},{\"@type\":\"ImageObject\",\"inLanguage\":\"et\",\"@id\":\"https:\\\/\\\/makeup-display.com\\\/about-us\\\/#primaryimage\",\"url\":\"https:\\\/\\\/makeup-display.com\\\/wp-content\\\/uploads\\\/2022\\\/03\\\/Our-workshop.jpg\",\"contentUrl\":\"https:\\\/\\\/makeup-display.com\\\/wp-content\\\/uploads\\\/2022\\\/03\\\/Our-workshop.jpg\"},{\"@type\":\"BreadcrumbList\",\"@id\":\"https:\\\/\\\/makeup-display.com\\\/about-us\\\/#breadcrumb\",\"itemListElement\":[{\"@type\":\"ListItem\",\"position\":1,\"name\":\"\u9996\u9875\",\"item\":\"https:\\\/\\\/makeup-display.com\\\/\"},{\"@type\":\"ListItem\",\"position\":2,\"name\":\"About us\"}]},{\"@type\":\"WebSite\",\"@id\":\"https:\\\/\\\/makeup-display.com\\\/#website\",\"url\":\"https:\\\/\\\/makeup-display.com\\\/\",\"name\":\"China Makeup Display Manufacturer\",\"description\":\"Custom Acrylic Makeup Display Stands\",\"publisher\":{\"@id\":\"https:\\\/\\\/makeup-display.com\\\/#organization\"},\"potentialAction\":[{\"@type\":\"SearchAction\",\"target\":{\"@type\":\"EntryPoint\",\"urlTemplate\":\"https:\\\/\\\/makeup-display.com\\\/?s={search_term_string}\"},\"query-input\":{\"@type\":\"PropertyValueSpecification\",\"valueRequired\":true,\"valueName\":\"search_term_string\"}}],\"inLanguage\":\"et\"},{\"@type\":\"Organization\",\"@id\":\"https:\\\/\\\/makeup-display.com\\\/#organization\",\"name\":\"China Makeup Display Manufacturer\",\"url\":\"https:\\\/\\\/makeup-display.com\\\/\",\"logo\":{\"@type\":\"ImageObject\",\"inLanguage\":\"et\",\"@id\":\"https:\\\/\\\/makeup-display.com\\\/#\\\/schema\\\/logo\\\/image\\\/\",\"url\":\"https:\\\/\\\/makeup-display.com\\\/wp-content\\\/uploads\\\/2021\\\/07\\\/logo-20210714.png\",\"contentUrl\":\"https:\\\/\\\/makeup-display.com\\\/wp-content\\\/uploads\\\/2021\\\/07\\\/logo-20210714.png\",\"width\":400,\"height\":64,\"caption\":\"China Makeup Display Manufacturer\"},\"image\":{\"@id\":\"https:\\\/\\\/makeup-display.com\\\/#\\\/schema\\\/logo\\\/image\\\/\"}}]}<\/script>\n<!-- \/ Yoast SEO plugin. -->","yoast_head_json":{"title":"Meist - Professionaalne Hiina meigiekraanitehas","description":"Oleme spetsialiseerunud meigiekraanide, kosmeetikatoodete v\u00e4ljapaneku, huulepulga v\u00e4ljapaneku, meigiharja v\u00e4ljapaneku, nahahooldustoote v\u00e4ljapaneku tegemisele.","robots":{"index":"index","follow":"follow","max-snippet":"max-snippet:-1","max-image-preview":"max-image-preview:large","max-video-preview":"max-video-preview:-1"},"canonical":"https:\/\/makeup-display.com\/et\/about-us\/","og_locale":"et_EE","og_type":"article","og_title":"About us - Professional Chinese makeup display factory","og_description":"We specialized in making Makeup display stand, Cosmetic display, Lipstick display stand, Makeup brush display, Skin care product display","og_url":"https:\/\/makeup-display.com\/et\/about-us\/","og_site_name":"China Makeup Display Manufacturer","article_modified_time":"2023-02-13T07:56:12+00:00","og_image":[{"url":"https:\/\/makeup-display.com\/wp-content\/uploads\/2022\/03\/Our-workshop.jpg","type":"","width":"","height":""}],"twitter_misc":{"Est. reading time":"3 minutit"},"schema":{"@context":"https:\/\/schema.org","@graph":[{"@type":"WebPage","@id":"https:\/\/makeup-display.com\/about-us\/","url":"https:\/\/makeup-display.com\/about-us\/","name":"Meist - Professionaalne Hiina meigiekraanitehas","isPartOf":{"@id":"https:\/\/makeup-display.com\/#website"},"primaryImageOfPage":{"@id":"https:\/\/makeup-display.com\/about-us\/#primaryimage"},"image":{"@id":"https:\/\/makeup-display.com\/about-us\/#primaryimage"},"thumbnailUrl":"https:\/\/makeup-display.com\/wp-content\/uploads\/2022\/03\/Our-workshop.jpg","datePublished":"2016-12-02T05:37:39+00:00","dateModified":"2023-02-13T07:56:12+00:00","description":"Oleme spetsialiseerunud meigiekraanide, kosmeetikatoodete v\u00e4ljapaneku, huulepulga v\u00e4ljapaneku, meigiharja v\u00e4ljapaneku, nahahooldustoote v\u00e4ljapaneku tegemisele.","breadcrumb":{"@id":"https:\/\/makeup-display.com\/about-us\/#breadcrumb"},"inLanguage":"et","potentialAction":[{"@type":"ReadAction","target":["https:\/\/makeup-display.com\/about-us\/"]}]},{"@type":"ImageObject","inLanguage":"et","@id":"https:\/\/makeup-display.com\/about-us\/#primaryimage","url":"https:\/\/makeup-display.com\/wp-content\/uploads\/2022\/03\/Our-workshop.jpg","contentUrl":"https:\/\/makeup-display.com\/wp-content\/uploads\/2022\/03\/Our-workshop.jpg"},{"@type":"BreadcrumbList","@id":"https:\/\/makeup-display.com\/about-us\/#breadcrumb","itemListElement":[{"@type":"ListItem","position":1,"name":"\u9996\u9875","item":"https:\/\/makeup-display.com\/"},{"@type":"ListItem","position":2,"name":"About us"}]},{"@type":"WebSite","@id":"https:\/\/makeup-display.com\/#website","url":"https:\/\/makeup-display.com\/","name":"Hiina Makeup Display tootja","description":"Custom Akr\u00fc\u00fcl Makeup Display Stands","publisher":{"@id":"https:\/\/makeup-display.com\/#organization"},"potentialAction":[{"@type":"SearchAction","target":{"@type":"EntryPoint","urlTemplate":"https:\/\/makeup-display.com\/?s={search_term_string}"},"query-input":{"@type":"PropertyValueSpecification","valueRequired":true,"valueName":"search_term_string"}}],"inLanguage":"et"},{"@type":"Organization","@id":"https:\/\/makeup-display.com\/#organization","name":"Hiina Makeup Display tootja","url":"https:\/\/makeup-display.com\/","logo":{"@type":"ImageObject","inLanguage":"et","@id":"https:\/\/makeup-display.com\/#\/schema\/logo\/image\/","url":"https:\/\/makeup-display.com\/wp-content\/uploads\/2021\/07\/logo-20210714.png","contentUrl":"https:\/\/makeup-display.com\/wp-content\/uploads\/2021\/07\/logo-20210714.png","width":400,"height":64,"caption":"China Makeup Display Manufacturer"},"image":{"@id":"https:\/\/makeup-display.com\/#\/schema\/logo\/image\/"}}]}},"_links":{"self":[{"href":"https:\/\/makeup-display.com\/et\/wp-json\/wp\/v2\/pages\/55","targetHints":{"allow":["GET"]}}],"collection":[{"href":"https:\/\/makeup-display.com\/et\/wp-json\/wp\/v2\/pages"}],"about":[{"href":"https:\/\/makeup-display.com\/et\/wp-json\/wp\/v2\/types\/page"}],"author":[{"embeddable":true,"href":"https:\/\/makeup-display.com\/et\/wp-json\/wp\/v2\/users\/1"}],"replies":[{"embeddable":true,"href":"https:\/\/makeup-display.com\/et\/wp-json\/wp\/v2\/comments?post=55"}],"version-history":[{"count":0,"href":"https:\/\/makeup-display.com\/et\/wp-json\/wp\/v2\/pages\/55\/revisions"}],"wp:attachment":[{"href":"https:\/\/makeup-display.com\/et\/wp-json\/wp\/v2\/media?parent=55"}],"curies":[{"name":"wp","href":"https:\/\/api.w.org\/{rel}","templated":true}]}}