{"id":2416,"date":"2016-12-04T18:23:53","date_gmt":"2016-12-04T10:23:53","guid":{"rendered":"http:\/\/rt18-t1030.bshark.com\/?page_id=2416"},"modified":"2019-05-07T19:59:31","modified_gmt":"2019-05-08T02:59:31","slug":"products","status":"publish","type":"page","link":"https:\/\/makeup-display.com\/fr\/products\/","title":{"rendered":"Produits"},"content":{"rendered":"","protected":false},"excerpt":{"rendered":"","protected":false},"author":1,"featured_media":0,"parent":0,"menu_order":0,"comment_status":"open","ping_status":"closed","template":"","meta":{"footnotes":""},"class_list":["post-2416","page","type-page","status-publish","hentry"],"yoast_head":"<!-- This site is optimized with the Yoast SEO plugin v27.3 - https:\/\/yoast.com\/product\/yoast-seo-wordpress\/ -->\n<title>Products - Custom made Makeup display stand, Cosmetic display<\/title>\n<meta name=\"description\" content=\"China factory wholesale custom makeup display stand, cosmetic display, lipstick display stand, makeup brush display, skin care product display, etc.\" \/>\n<meta name=\"robots\" content=\"index, follow, max-snippet:-1, max-image-preview:large, max-video-preview:-1\" \/>\n<link rel=\"canonical\" href=\"https:\/\/makeup-display.com\/fr\/products\/\" \/>\n<meta property=\"og:locale\" content=\"fr_FR\" \/>\n<meta property=\"og:type\" content=\"article\" \/>\n<meta property=\"og:title\" content=\"Products - Custom made Makeup display stand, Cosmetic display\" \/>\n<meta property=\"og:description\" content=\"China factory wholesale custom makeup display stand, cosmetic display, lipstick display stand, makeup brush display, skin care product display, etc.\" \/>\n<meta property=\"og:url\" content=\"https:\/\/makeup-display.com\/fr\/products\/\" \/>\n<meta property=\"og:site_name\" content=\"China Makeup Display Manufacturer\" \/>\n<meta property=\"article:modified_time\" content=\"2019-05-08T02:59:31+00:00\" \/>\n<script type=\"application\/ld+json\" class=\"yoast-schema-graph\">{\"@context\":\"https:\\\/\\\/schema.org\",\"@graph\":[{\"@type\":\"WebPage\",\"@id\":\"https:\\\/\\\/makeup-display.com\\\/products\\\/\",\"url\":\"https:\\\/\\\/makeup-display.com\\\/products\\\/\",\"name\":\"Products - Custom made Makeup display stand, Cosmetic display\",\"isPartOf\":{\"@id\":\"https:\\\/\\\/makeup-display.com\\\/#website\"},\"datePublished\":\"2016-12-04T10:23:53+00:00\",\"dateModified\":\"2019-05-08T02:59:31+00:00\",\"description\":\"China factory wholesale custom makeup display stand, cosmetic display, lipstick display stand, makeup brush display, skin care product display, etc.\",\"breadcrumb\":{\"@id\":\"https:\\\/\\\/makeup-display.com\\\/products\\\/#breadcrumb\"},\"inLanguage\":\"fr-FR\",\"potentialAction\":[{\"@type\":\"ReadAction\",\"target\":[\"https:\\\/\\\/makeup-display.com\\\/products\\\/\"]}]},{\"@type\":\"BreadcrumbList\",\"@id\":\"https:\\\/\\\/makeup-display.com\\\/products\\\/#breadcrumb\",\"itemListElement\":[{\"@type\":\"ListItem\",\"position\":1,\"name\":\"\u9996\u9875\",\"item\":\"https:\\\/\\\/makeup-display.com\\\/\"},{\"@type\":\"ListItem\",\"position\":2,\"name\":\"Products\"}]},{\"@type\":\"WebSite\",\"@id\":\"https:\\\/\\\/makeup-display.com\\\/#website\",\"url\":\"https:\\\/\\\/makeup-display.com\\\/\",\"name\":\"China Makeup Display Manufacturer\",\"description\":\"Custom Acrylic Makeup Display Stands\",\"publisher\":{\"@id\":\"https:\\\/\\\/makeup-display.com\\\/#organization\"},\"potentialAction\":[{\"@type\":\"SearchAction\",\"target\":{\"@type\":\"EntryPoint\",\"urlTemplate\":\"https:\\\/\\\/makeup-display.com\\\/?s={search_term_string}\"},\"query-input\":{\"@type\":\"PropertyValueSpecification\",\"valueRequired\":true,\"valueName\":\"search_term_string\"}}],\"inLanguage\":\"fr-FR\"},{\"@type\":\"Organization\",\"@id\":\"https:\\\/\\\/makeup-display.com\\\/#organization\",\"name\":\"China Makeup Display Manufacturer\",\"url\":\"https:\\\/\\\/makeup-display.com\\\/\",\"logo\":{\"@type\":\"ImageObject\",\"inLanguage\":\"fr-FR\",\"@id\":\"https:\\\/\\\/makeup-display.com\\\/#\\\/schema\\\/logo\\\/image\\\/\",\"url\":\"https:\\\/\\\/makeup-display.com\\\/wp-content\\\/uploads\\\/2021\\\/07\\\/logo-20210714.png\",\"contentUrl\":\"https:\\\/\\\/makeup-display.com\\\/wp-content\\\/uploads\\\/2021\\\/07\\\/logo-20210714.png\",\"width\":400,\"height\":64,\"caption\":\"China Makeup Display Manufacturer\"},\"image\":{\"@id\":\"https:\\\/\\\/makeup-display.com\\\/#\\\/schema\\\/logo\\\/image\\\/\"}}]}<\/script>\n<!-- \/ Yoast SEO plugin. -->","yoast_head_json":{"title":"Produits - Pr\u00e9sentoir de maquillage sur mesure, pr\u00e9sentoir de cosm\u00e9tiques","description":"Pr\u00e9sentoir de maquillage, pr\u00e9sentoir de cosm\u00e9tiques, pr\u00e9sentoir de rouge \u00e0 l\u00e8vres, pr\u00e9sentoir de pinceau de maquillage, pr\u00e9sentoir de produits de soins de la peau, etc.","robots":{"index":"index","follow":"follow","max-snippet":"max-snippet:-1","max-image-preview":"max-image-preview:large","max-video-preview":"max-video-preview:-1"},"canonical":"https:\/\/makeup-display.com\/fr\/products\/","og_locale":"fr_FR","og_type":"article","og_title":"Products - Custom made Makeup display stand, Cosmetic display","og_description":"China factory wholesale custom makeup display stand, cosmetic display, lipstick display stand, makeup brush display, skin care product display, etc.","og_url":"https:\/\/makeup-display.com\/fr\/products\/","og_site_name":"China Makeup Display Manufacturer","article_modified_time":"2019-05-08T02:59:31+00:00","schema":{"@context":"https:\/\/schema.org","@graph":[{"@type":"WebPage","@id":"https:\/\/makeup-display.com\/products\/","url":"https:\/\/makeup-display.com\/products\/","name":"Produits - Pr\u00e9sentoir de maquillage sur mesure, pr\u00e9sentoir de cosm\u00e9tiques","isPartOf":{"@id":"https:\/\/makeup-display.com\/#website"},"datePublished":"2016-12-04T10:23:53+00:00","dateModified":"2019-05-08T02:59:31+00:00","description":"Pr\u00e9sentoir de maquillage, pr\u00e9sentoir de cosm\u00e9tiques, pr\u00e9sentoir de rouge \u00e0 l\u00e8vres, pr\u00e9sentoir de pinceau de maquillage, pr\u00e9sentoir de produits de soins de la peau, etc.","breadcrumb":{"@id":"https:\/\/makeup-display.com\/products\/#breadcrumb"},"inLanguage":"fr-FR","potentialAction":[{"@type":"ReadAction","target":["https:\/\/makeup-display.com\/products\/"]}]},{"@type":"BreadcrumbList","@id":"https:\/\/makeup-display.com\/products\/#breadcrumb","itemListElement":[{"@type":"ListItem","position":1,"name":"\u9996\u9875","item":"https:\/\/makeup-display.com\/"},{"@type":"ListItem","position":2,"name":"Products"}]},{"@type":"WebSite","@id":"https:\/\/makeup-display.com\/#website","url":"https:\/\/makeup-display.com\/","name":"Fabricant chinois de pr\u00e9sentoirs de maquillage","description":"Pr\u00e9sentoirs de maquillage en acrylique personnalis\u00e9s","publisher":{"@id":"https:\/\/makeup-display.com\/#organization"},"potentialAction":[{"@type":"SearchAction","target":{"@type":"EntryPoint","urlTemplate":"https:\/\/makeup-display.com\/?s={search_term_string}"},"query-input":{"@type":"PropertyValueSpecification","valueRequired":true,"valueName":"search_term_string"}}],"inLanguage":"fr-FR"},{"@type":"Organization","@id":"https:\/\/makeup-display.com\/#organization","name":"Fabricant chinois de pr\u00e9sentoirs de maquillage","url":"https:\/\/makeup-display.com\/","logo":{"@type":"ImageObject","inLanguage":"fr-FR","@id":"https:\/\/makeup-display.com\/#\/schema\/logo\/image\/","url":"https:\/\/makeup-display.com\/wp-content\/uploads\/2021\/07\/logo-20210714.png","contentUrl":"https:\/\/makeup-display.com\/wp-content\/uploads\/2021\/07\/logo-20210714.png","width":400,"height":64,"caption":"China Makeup Display Manufacturer"},"image":{"@id":"https:\/\/makeup-display.com\/#\/schema\/logo\/image\/"}}]}},"_links":{"self":[{"href":"https:\/\/makeup-display.com\/fr\/wp-json\/wp\/v2\/pages\/2416","targetHints":{"allow":["GET"]}}],"collection":[{"href":"https:\/\/makeup-display.com\/fr\/wp-json\/wp\/v2\/pages"}],"about":[{"href":"https:\/\/makeup-display.com\/fr\/wp-json\/wp\/v2\/types\/page"}],"author":[{"embeddable":true,"href":"https:\/\/makeup-display.com\/fr\/wp-json\/wp\/v2\/users\/1"}],"replies":[{"embeddable":true,"href":"https:\/\/makeup-display.com\/fr\/wp-json\/wp\/v2\/comments?post=2416"}],"version-history":[{"count":0,"href":"https:\/\/makeup-display.com\/fr\/wp-json\/wp\/v2\/pages\/2416\/revisions"}],"wp:attachment":[{"href":"https:\/\/makeup-display.com\/fr\/wp-json\/wp\/v2\/media?parent=2416"}],"curies":[{"name":"wp","href":"https:\/\/api.w.org\/{rel}","templated":true}]}}