{"id":2848,"date":"2016-12-02T22:07:17","date_gmt":"2016-12-02T14:07:17","guid":{"rendered":"http:\/\/www.custom-displays.com\/?page_id=2848"},"modified":"2023-01-30T00:41:06","modified_gmt":"2023-01-30T08:41:06","slug":"how-to-order","status":"publish","type":"page","link":"https:\/\/makeup-display.com\/fr\/how-to-order\/","title":{"rendered":"Service sur mesure"},"content":{"rendered":"<p><span style=\"color: #000000;\"><strong>Nous sommes un fabricant direct de pr\u00e9sentoirs acryliques en Chine et offrons un service sur mesure pour toutes sortes de pr\u00e9sentoirs cosm\u00e9tiques acryliques, de pr\u00e9sentoirs de maquillage et d'autres produits acryliques.<\/strong><\/span><\/p>\n<p><img decoding=\"async\" class=\"size-full wp-image-6596 aligncenter\" src=\"https:\/\/makeup-display.com\/wp-content\/uploads\/2022\/03\/How-to-order-from-us.png\" alt=\"Comment commander chez nous\" width=\"750\" height=\"266\" srcset=\"https:\/\/makeup-display.com\/wp-content\/uploads\/2022\/03\/How-to-order-from-us.png 750w, https:\/\/makeup-display.com\/wp-content\/uploads\/2022\/03\/How-to-order-from-us-400x142.png 400w\" sizes=\"(max-width: 750px) 100vw, 750px\" \/><\/p>\n<p>1.  Si vous avez vos propres \u00e9chantillons \/ dessins \/ photos \/ sp\u00e9cifications \/ id\u00e9es, veuillez nous envoyer un message en ligne ou un courriel \u00e0 <a href=\"mailto:sales@sundayknight.com\">sales@sundayknight.com<\/a> Nous vous ferons parvenir un devis dans les plus brefs d\u00e9lais.<\/p>\n<p>2.  Si vous aimez nos articles, veuillez nous envoyer un message en ligne sur la page d\u00e9taill\u00e9e du produit, ou envoyez-nous un courriel avec les informations ci-dessous pour obtenir un devis :<\/p>\n<p>(1). Image de r\u00e9f\u00e9rence ou num\u00e9ro d'article ou lien de page ;<\/p>\n<p>(2). Sp\u00e9cifications d\u00e9taill\u00e9es requises, telles que les dimensions, la couleur, etc ;<\/p>\n<p>(3). Quantit\u00e9 \u00e0 commander.<\/p>\n<p style=\"text-align: center;\"><span style=\"color: #800080;\">Pr\u00eat \u00e0 utiliser des \u00e9crans intelligents pour d\u00e9velopper votre marque et augmenter vos ventes ?<\/span><\/p>\n<p style=\"text-align: center;\"><span style=\"color: #0000ff;\"><em><strong>Nous sommes l\u00e0 pour vous !  De la conception, au prototype, jusqu'au d\u00e9ploiement, avec le souci du d\u00e9tail.<\/strong><\/em><\/span><\/p>\n<p style=\"text-align: center;\"><a class=\"fancybox button_ default medium icon-edit-alt margin-t0  aligncenter\" href=\"#contact_form_pop\">Contacter pour personnaliser maintenant !<\/a><\/p>\n<div class=\"fancybox-hidden\" style=\"display: none;\">\n<div id=\"contact_form_pop\">\n<div class=\"wpcf7 no-js\" id=\"wpcf7-f2438-o1\" lang=\"en-US\" dir=\"ltr\" data-wpcf7-id=\"2438\">\n<div class=\"screen-reader-response\"><p role=\"status\" aria-live=\"polite\" aria-atomic=\"true\"><\/p> <ul><\/ul><\/div>\n<form action=\"\/fr\/wp-json\/wp\/v2\/pages\/2848#wpcf7-f2438-o1\" method=\"post\" class=\"wpcf7-form init\" aria-label=\"Formulaire de contact\" novalidate=\"novalidate\" data-status=\"init\" data-trp-original-action=\"\/fr\/wp-json\/wp\/v2\/pages\/2848#wpcf7-f2438-o1\">\n<fieldset class=\"hidden-fields-container\"><input type=\"hidden\" name=\"_wpcf7\" value=\"2438\" \/><input type=\"hidden\" name=\"_wpcf7_version\" value=\"6.1.5\" \/><input type=\"hidden\" name=\"_wpcf7_locale\" value=\"en_US\" \/><input type=\"hidden\" name=\"_wpcf7_unit_tag\" value=\"wpcf7-f2438-o1\" \/><input type=\"hidden\" name=\"_wpcf7_container_post\" value=\"0\" \/><input type=\"hidden\" name=\"_wpcf7_posted_data_hash\" value=\"\" \/>\n<\/fieldset>\n<div id=\"enquiry-form\">\n\t<p class=\"t\">Votre nom :\n\t<\/p>\n\t<p class=\"c\"><span class=\"wpcf7-form-control-wrap\" data-name=\"your-name\"><input size=\"40\" maxlength=\"400\" class=\"wpcf7-form-control wpcf7-text wpcf7-validates-as-required\" aria-required=\"true\" aria-invalid=\"false\" placeholder=\"Nom\" value=\"\" type=\"text\" name=\"your-name\" \/><\/span>\n\t<\/p>\n\t<p class=\"t\">Votre courriel :\n\t<\/p>\n\t<p class=\"c\"><span class=\"wpcf7-form-control-wrap\" data-name=\"your-email\"><input size=\"40\" maxlength=\"400\" class=\"wpcf7-form-control wpcf7-email wpcf7-validates-as-required wpcf7-text wpcf7-validates-as-email\" aria-required=\"true\" aria-invalid=\"false\" placeholder=\"Courriel\" value=\"\" type=\"email\" name=\"your-email\" \/><\/span>\n\t<\/p>\n\t<p class=\"t\">Message :\n\t<\/p>\n\t<p class=\"c\"><span class=\"wpcf7-form-control-wrap\" data-name=\"your-message\"><textarea cols=\"40\" rows=\"10\" maxlength=\"2000\" class=\"wpcf7-form-control wpcf7-textarea wpcf7-validates-as-required\" aria-required=\"true\" aria-invalid=\"false\" placeholder=\"Votre message\" name=\"your-message\"><\/textarea><\/span>\n\t<\/p>\n<div class=\"wpcf7-response-output\" aria-hidden=\"true\"><\/div>\n\t<p class=\"t\"><span class=\"wpcf7-form-control-wrap\" data-name=\"quiz-math\"><label><span class=\"wpcf7-quiz-label\">Veuillez r\u00e9pondre \u00e0 1+3= ?<\/span> <input size=\"40\" class=\"wpcf7-form-control wpcf7-quiz quiz\" autocomplete=\"off\" aria-required=\"true\" aria-invalid=\"false\" type=\"text\" name=\"quiz-math\" \/><\/label><input type=\"hidden\" name=\"_wpcf7_quiz_answer_quiz-math\" value=\"78478aa90831037eaeb9336c8ecf605d\" \/><\/span>\n\t<\/p>\n\t<p><input class=\"wpcf7-form-control wpcf7-submit has-spinner\" type=\"submit\" value=\"Envoyer\" \/>\n\t<\/p>\n<\/div>\n<input type=\"hidden\" name=\"trp-form-language\" value=\"fr\"\/><\/form>\n<\/div>\n<\/div>\n<\/div>\n\n\n<p><\/p>","protected":false},"excerpt":{"rendered":"","protected":false},"author":1,"featured_media":0,"parent":0,"menu_order":0,"comment_status":"closed","ping_status":"closed","template":"","meta":{"footnotes":""},"class_list":["post-2848","page","type-page","status-publish","hentry"],"yoast_head":"<!-- This site is optimized with the Yoast SEO plugin v27.4 - https:\/\/yoast.com\/product\/yoast-seo-wordpress\/ -->\n<title>How to order acrylic makeup display from direct Chinese factory?<\/title>\n<meta name=\"description\" content=\"Just please tell us your detailed requirement about the makeup display, we will quote for you soon. We offer custom service for all kinds of display stands.\" \/>\n<meta name=\"robots\" content=\"index, follow, max-snippet:-1, max-image-preview:large, max-video-preview:-1\" \/>\n<link rel=\"canonical\" href=\"https:\/\/makeup-display.com\/fr\/how-to-order\/\" \/>\n<meta property=\"og:locale\" content=\"fr_FR\" \/>\n<meta property=\"og:type\" content=\"article\" \/>\n<meta property=\"og:title\" content=\"How to order acrylic makeup display from direct Chinese factory?\" \/>\n<meta property=\"og:description\" content=\"Just please tell us your detailed requirement about the makeup display, we will quote for you soon. We offer custom service for all kinds of display stands.\" \/>\n<meta property=\"og:url\" content=\"https:\/\/makeup-display.com\/fr\/how-to-order\/\" \/>\n<meta property=\"og:site_name\" content=\"China Makeup Display Manufacturer\" \/>\n<meta property=\"article:modified_time\" content=\"2023-01-30T08:41:06+00:00\" \/>\n<meta property=\"og:image\" content=\"https:\/\/makeup-display.com\/wp-content\/uploads\/2022\/03\/How-to-order-from-us.png\" \/>\n<meta name=\"twitter:label1\" content=\"Dur\u00e9e de lecture estim\u00e9e\" \/>\n\t<meta name=\"twitter:data1\" content=\"1 minute\" \/>\n<script type=\"application\/ld+json\" class=\"yoast-schema-graph\">{\"@context\":\"https:\\\/\\\/schema.org\",\"@graph\":[{\"@type\":\"WebPage\",\"@id\":\"https:\\\/\\\/makeup-display.com\\\/how-to-order\\\/\",\"url\":\"https:\\\/\\\/makeup-display.com\\\/how-to-order\\\/\",\"name\":\"How to order acrylic makeup display from direct Chinese factory?\",\"isPartOf\":{\"@id\":\"https:\\\/\\\/makeup-display.com\\\/#website\"},\"primaryImageOfPage\":{\"@id\":\"https:\\\/\\\/makeup-display.com\\\/how-to-order\\\/#primaryimage\"},\"image\":{\"@id\":\"https:\\\/\\\/makeup-display.com\\\/how-to-order\\\/#primaryimage\"},\"thumbnailUrl\":\"https:\\\/\\\/makeup-display.com\\\/wp-content\\\/uploads\\\/2022\\\/03\\\/How-to-order-from-us.png\",\"datePublished\":\"2016-12-02T14:07:17+00:00\",\"dateModified\":\"2023-01-30T08:41:06+00:00\",\"description\":\"Just please tell us your detailed requirement about the makeup display, we will quote for you soon. We offer custom service for all kinds of display stands.\",\"breadcrumb\":{\"@id\":\"https:\\\/\\\/makeup-display.com\\\/how-to-order\\\/#breadcrumb\"},\"inLanguage\":\"fr-FR\",\"potentialAction\":[{\"@type\":\"ReadAction\",\"target\":[\"https:\\\/\\\/makeup-display.com\\\/how-to-order\\\/\"]}]},{\"@type\":\"ImageObject\",\"inLanguage\":\"fr-FR\",\"@id\":\"https:\\\/\\\/makeup-display.com\\\/how-to-order\\\/#primaryimage\",\"url\":\"https:\\\/\\\/makeup-display.com\\\/wp-content\\\/uploads\\\/2022\\\/03\\\/How-to-order-from-us.png\",\"contentUrl\":\"https:\\\/\\\/makeup-display.com\\\/wp-content\\\/uploads\\\/2022\\\/03\\\/How-to-order-from-us.png\"},{\"@type\":\"BreadcrumbList\",\"@id\":\"https:\\\/\\\/makeup-display.com\\\/how-to-order\\\/#breadcrumb\",\"itemListElement\":[{\"@type\":\"ListItem\",\"position\":1,\"name\":\"\u9996\u9875\",\"item\":\"https:\\\/\\\/makeup-display.com\\\/\"},{\"@type\":\"ListItem\",\"position\":2,\"name\":\"Custom service\"}]},{\"@type\":\"WebSite\",\"@id\":\"https:\\\/\\\/makeup-display.com\\\/#website\",\"url\":\"https:\\\/\\\/makeup-display.com\\\/\",\"name\":\"China Makeup Display Manufacturer\",\"description\":\"Custom Acrylic Makeup Display Stands\",\"publisher\":{\"@id\":\"https:\\\/\\\/makeup-display.com\\\/#organization\"},\"potentialAction\":[{\"@type\":\"SearchAction\",\"target\":{\"@type\":\"EntryPoint\",\"urlTemplate\":\"https:\\\/\\\/makeup-display.com\\\/?s={search_term_string}\"},\"query-input\":{\"@type\":\"PropertyValueSpecification\",\"valueRequired\":true,\"valueName\":\"search_term_string\"}}],\"inLanguage\":\"fr-FR\"},{\"@type\":\"Organization\",\"@id\":\"https:\\\/\\\/makeup-display.com\\\/#organization\",\"name\":\"China Makeup Display Manufacturer\",\"url\":\"https:\\\/\\\/makeup-display.com\\\/\",\"logo\":{\"@type\":\"ImageObject\",\"inLanguage\":\"fr-FR\",\"@id\":\"https:\\\/\\\/makeup-display.com\\\/#\\\/schema\\\/logo\\\/image\\\/\",\"url\":\"https:\\\/\\\/makeup-display.com\\\/wp-content\\\/uploads\\\/2021\\\/07\\\/logo-20210714.png\",\"contentUrl\":\"https:\\\/\\\/makeup-display.com\\\/wp-content\\\/uploads\\\/2021\\\/07\\\/logo-20210714.png\",\"width\":400,\"height\":64,\"caption\":\"China Makeup Display Manufacturer\"},\"image\":{\"@id\":\"https:\\\/\\\/makeup-display.com\\\/#\\\/schema\\\/logo\\\/image\\\/\"}}]}<\/script>\n<!-- \/ Yoast SEO plugin. -->","yoast_head_json":{"title":"Comment commander un pr\u00e9sentoir de maquillage acrylique aupr\u00e8s d'une usine chinoise ?","description":"Veuillez nous communiquer vos besoins d\u00e9taill\u00e9s concernant le pr\u00e9sentoir \u00e0 maquillage, nous vous ferons parvenir un devis dans les plus brefs d\u00e9lais. Nous offrons un service personnalis\u00e9 pour tous les types de pr\u00e9sentoirs.","robots":{"index":"index","follow":"follow","max-snippet":"max-snippet:-1","max-image-preview":"max-image-preview:large","max-video-preview":"max-video-preview:-1"},"canonical":"https:\/\/makeup-display.com\/fr\/how-to-order\/","og_locale":"fr_FR","og_type":"article","og_title":"How to order acrylic makeup display from direct Chinese factory?","og_description":"Just please tell us your detailed requirement about the makeup display, we will quote for you soon. We offer custom service for all kinds of display stands.","og_url":"https:\/\/makeup-display.com\/fr\/how-to-order\/","og_site_name":"China Makeup Display Manufacturer","article_modified_time":"2023-01-30T08:41:06+00:00","og_image":[{"url":"https:\/\/makeup-display.com\/wp-content\/uploads\/2022\/03\/How-to-order-from-us.png","type":"","width":"","height":""}],"twitter_misc":{"Dur\u00e9e de lecture estim\u00e9e":"1 minute"},"schema":{"@context":"https:\/\/schema.org","@graph":[{"@type":"WebPage","@id":"https:\/\/makeup-display.com\/how-to-order\/","url":"https:\/\/makeup-display.com\/how-to-order\/","name":"Comment commander un pr\u00e9sentoir de maquillage acrylique aupr\u00e8s d'une usine chinoise ?","isPartOf":{"@id":"https:\/\/makeup-display.com\/#website"},"primaryImageOfPage":{"@id":"https:\/\/makeup-display.com\/how-to-order\/#primaryimage"},"image":{"@id":"https:\/\/makeup-display.com\/how-to-order\/#primaryimage"},"thumbnailUrl":"https:\/\/makeup-display.com\/wp-content\/uploads\/2022\/03\/How-to-order-from-us.png","datePublished":"2016-12-02T14:07:17+00:00","dateModified":"2023-01-30T08:41:06+00:00","description":"Veuillez nous communiquer vos besoins d\u00e9taill\u00e9s concernant le pr\u00e9sentoir \u00e0 maquillage, nous vous ferons parvenir un devis dans les plus brefs d\u00e9lais. Nous offrons un service personnalis\u00e9 pour tous les types de pr\u00e9sentoirs.","breadcrumb":{"@id":"https:\/\/makeup-display.com\/how-to-order\/#breadcrumb"},"inLanguage":"fr-FR","potentialAction":[{"@type":"ReadAction","target":["https:\/\/makeup-display.com\/how-to-order\/"]}]},{"@type":"ImageObject","inLanguage":"fr-FR","@id":"https:\/\/makeup-display.com\/how-to-order\/#primaryimage","url":"https:\/\/makeup-display.com\/wp-content\/uploads\/2022\/03\/How-to-order-from-us.png","contentUrl":"https:\/\/makeup-display.com\/wp-content\/uploads\/2022\/03\/How-to-order-from-us.png"},{"@type":"BreadcrumbList","@id":"https:\/\/makeup-display.com\/how-to-order\/#breadcrumb","itemListElement":[{"@type":"ListItem","position":1,"name":"\u9996\u9875","item":"https:\/\/makeup-display.com\/"},{"@type":"ListItem","position":2,"name":"Custom service"}]},{"@type":"WebSite","@id":"https:\/\/makeup-display.com\/#website","url":"https:\/\/makeup-display.com\/","name":"Fabricant chinois de pr\u00e9sentoirs de maquillage","description":"Pr\u00e9sentoirs de maquillage en acrylique personnalis\u00e9s","publisher":{"@id":"https:\/\/makeup-display.com\/#organization"},"potentialAction":[{"@type":"SearchAction","target":{"@type":"EntryPoint","urlTemplate":"https:\/\/makeup-display.com\/?s={search_term_string}"},"query-input":{"@type":"PropertyValueSpecification","valueRequired":true,"valueName":"search_term_string"}}],"inLanguage":"fr-FR"},{"@type":"Organization","@id":"https:\/\/makeup-display.com\/#organization","name":"Fabricant chinois de pr\u00e9sentoirs de maquillage","url":"https:\/\/makeup-display.com\/","logo":{"@type":"ImageObject","inLanguage":"fr-FR","@id":"https:\/\/makeup-display.com\/#\/schema\/logo\/image\/","url":"https:\/\/makeup-display.com\/wp-content\/uploads\/2021\/07\/logo-20210714.png","contentUrl":"https:\/\/makeup-display.com\/wp-content\/uploads\/2021\/07\/logo-20210714.png","width":400,"height":64,"caption":"China Makeup Display Manufacturer"},"image":{"@id":"https:\/\/makeup-display.com\/#\/schema\/logo\/image\/"}}]}},"_links":{"self":[{"href":"https:\/\/makeup-display.com\/fr\/wp-json\/wp\/v2\/pages\/2848","targetHints":{"allow":["GET"]}}],"collection":[{"href":"https:\/\/makeup-display.com\/fr\/wp-json\/wp\/v2\/pages"}],"about":[{"href":"https:\/\/makeup-display.com\/fr\/wp-json\/wp\/v2\/types\/page"}],"author":[{"embeddable":true,"href":"https:\/\/makeup-display.com\/fr\/wp-json\/wp\/v2\/users\/1"}],"replies":[{"embeddable":true,"href":"https:\/\/makeup-display.com\/fr\/wp-json\/wp\/v2\/comments?post=2848"}],"version-history":[{"count":0,"href":"https:\/\/makeup-display.com\/fr\/wp-json\/wp\/v2\/pages\/2848\/revisions"}],"wp:attachment":[{"href":"https:\/\/makeup-display.com\/fr\/wp-json\/wp\/v2\/media?parent=2848"}],"curies":[{"name":"wp","href":"https:\/\/api.w.org\/{rel}","templated":true}]}}