{"id":55,"date":"2016-12-02T13:37:39","date_gmt":"2016-12-02T05:37:39","guid":{"rendered":"http:\/\/rt18-t1028.bshark.com\/?page_id=55"},"modified":"2023-02-12T23:56:12","modified_gmt":"2023-02-13T07:56:12","slug":"about-us","status":"publish","type":"page","link":"https:\/\/makeup-display.com\/fr\/about-us\/","title":{"rendered":"A propos de nous"},"content":{"rendered":"<p><strong>Chevalier du dimanche<sup>\u00ae<\/sup> Pr\u00e9sentoir \u00e0 maquillage<\/strong> est un important fabricant de pr\u00e9sentoirs acryliques personnalis\u00e9s bas\u00e9 \u00e0 Dongguan City, dans la province de Guangdong, en Chine. Notre soci\u00e9t\u00e9 se consacre \u00e0 la fourniture de solutions de pr\u00e9sentation acrylique innovantes et de haute qualit\u00e9 pour l'industrie des cosm\u00e9tiques et de la beaut\u00e9. En mettant l'accent sur la qualit\u00e9 et la satisfaction du client, nous sommes sp\u00e9cialis\u00e9s dans la production d'une large gamme de pr\u00e9sentoirs en acrylique, notamment des pr\u00e9sentoirs pour maquillage, des pr\u00e9sentoirs pour cosm\u00e9tiques, des pr\u00e9sentoirs pour rouges \u00e0 l\u00e8vres, des pr\u00e9sentoirs pour pinceaux de maquillage, des pr\u00e9sentoirs pour produits de soins de la peau, des pr\u00e9sentoirs pour crayons \u00e0 sourcils, des pr\u00e9sentoirs pour cils, des bo\u00eetes pour cils, des pr\u00e9sentoirs pour masques de beaut\u00e9, des organisateurs de maquillage, des pr\u00e9sentoirs pour vernis \u00e0 ongles, des pr\u00e9sentoirs pour parfums, et bien d'autres encore.<\/p>\n<p>Nous comprenons l'importance de fournir des produits qui r\u00e9pondent aux normes \u00e9lev\u00e9es de l'industrie des cosm\u00e9tiques et de la beaut\u00e9. C'est pourquoi nous avons investi dans des ateliers sp\u00e9cialis\u00e9s, des employ\u00e9s qualifi\u00e9s et des machines performantes afin de pouvoir fabriquer des produits de qualit\u00e9 sup\u00e9rieure avec une capacit\u00e9 de production maximale. Notre capacit\u00e9 \u00e0 prendre en charge diverses commandes ODM et OEM nous permet \u00e9galement de fournir des solutions personnalis\u00e9es qui r\u00e9pondent aux besoins uniques de nos clients.<\/p>\n\n<div class=\"wp-block-image\">\n<figure class=\"aligncenter size-full\"><img decoding=\"async\" width=\"750\" height=\"500\" src=\"https:\/\/makeup-display.com\/wp-content\/uploads\/2022\/03\/Our-workshop.jpg\" alt=\"Notre atelier\" class=\"wp-image-6569\" srcset=\"https:\/\/makeup-display.com\/wp-content\/uploads\/2022\/03\/Our-workshop.jpg 750w, https:\/\/makeup-display.com\/wp-content\/uploads\/2022\/03\/Our-workshop-400x267.jpg 400w\" sizes=\"(max-width: 750px) 100vw, 750px\" \/><\/figure>\n<\/div>\n\n\n<p>Au Chevalier du dimanche<sup>\u00ae<\/sup> Makeup Display, nous nous engageons \u00e0 fournir \u00e0 nos clients la meilleure exp\u00e9rience d'achat possible. Nos produits sont tr\u00e8s demand\u00e9s et sont export\u00e9s vers des pays tels que les \u00c9tats-Unis, l'Europe, l'Australie, le Japon et le Moyen-Orient. L'importance que nous accordons \u00e0 la qualit\u00e9 et \u00e0 la satisfaction de nos clients nous a valu une solide r\u00e9putation dans le secteur et nous a permis d'\u00e9tablir des relations durables avec nos clients.<\/p>\n\n\n\n<p>Outre notre engagement en faveur de la qualit\u00e9, nous nous attachons \u00e9galement \u00e0 fournir un excellent service \u00e0 la client\u00e8le. Notre \u00e9quipe d'experts est toujours \u00e0 votre disposition pour r\u00e9pondre \u00e0 vos questions ou pr\u00e9occupations et pour vous accompagner tout au long du processus, de la consultation initiale \u00e0 la livraison finale.<\/p>\n\n\n\n<p>En conclusion, si vous \u00eates \u00e0 la recherche d'un fabricant fiable et digne de confiance de pr\u00e9sentoirs acryliques personnalis\u00e9s pour l'industrie des cosm\u00e9tiques et de la beaut\u00e9, ne cherchez pas plus loin que Sunday Knight.<sup>\u00ae<\/sup> Pr\u00e9sentoirs de maquillage. Avec un engagement fort en faveur de la qualit\u00e9, une gamme de personnalisations et une \u00e9quipe d'experts d\u00e9vou\u00e9s, nous sommes le choix id\u00e9al pour tous vos besoins en mati\u00e8re de pr\u00e9sentoirs \u00e0 maquillage.<\/p>\n\n\n\n<p><\/p>\n\n\n\n<h2 class=\"wp-block-heading\">Pourquoi nous choisir ?<\/h2>\n\n\n\n<p><strong>Excellent service \u00e0 la client\u00e8le<\/strong><br>Notre \u00e9quipe d'experts est toujours disponible pour vous aider et r\u00e9pondre \u00e0 vos questions.<\/p>\n\n\n\n<p><strong>Des solutions rentables<\/strong><br>En \u00e9liminant les interm\u00e9diaires, nous sommes en mesure d'offrir nos produits \u00e0 un co\u00fbt inf\u00e9rieur sans compromettre la qualit\u00e9.<\/p>\n\n\n\n<p><strong>Produits de haute qualit\u00e9<\/strong><br>Nous n'utilisons que les meilleurs mat\u00e9riaux et les technologies les plus r\u00e9centes pour fabriquer des produits qui r\u00e9pondent aux normes les plus \u00e9lev\u00e9es de l'industrie cosm\u00e9tique et de la beaut\u00e9.<\/p>\n\n\n\n<p><strong>Flexibilit\u00e9 dans la conception<\/strong><br>Nous comprenons l'importance d'avoir un produit unique pour votre marque, c'est pourquoi nous offrons des services de personnalisation afin de s'assurer que votre pr\u00e9sentoir acrylique se d\u00e9marque des autres.<\/p>\n\n\n\n<p><strong>Une production rapide et efficace<\/strong><br>En tant que fabricant direct, nous sommes en mesure de contr\u00f4ler le processus de production du d\u00e9but \u00e0 la fin et de garantir des d\u00e9lais de livraison rapides, m\u00eame pour les commandes urgentes.<\/p>\n\n\n\n<p><strong>Expertise dans le secteur<\/strong><br>Forts de nombreuses ann\u00e9es d'exp\u00e9rience dans la production de pr\u00e9sentoirs en acrylique, nous avons acquis une connaissance approfondie du secteur et avons travaill\u00e9 avec toute une s\u00e9rie de clients, y compris des clients c\u00e9l\u00e8bres.<\/p>\n\n\n\n<p>En conclusion, le choix de Sunday Knight<sup>\u00ae<\/sup> Makeup Display, en tant que fournisseur de solutions d'affichage acrylique personnalis\u00e9es, offre de nombreux avantages, notamment des \u00e9conomies de co\u00fbts, des garanties de qualit\u00e9, une personnalisation personnalis\u00e9e, des d\u00e9lais de livraison rapides et une expertise dans l'industrie. Contactez-nous d\u00e8s aujourd'hui pour savoir comment nous pouvons vous aider \u00e0 donner vie \u00e0 votre vision.<\/p>\n\n\n\n<h3 class=\"wp-block-heading\"><mark style=\"background-color:rgba(0, 0, 0, 0)\" class=\"has-inline-color has-vivid-purple-color\">Quelques-uns de nos partenaires de coop\u00e9ration :<\/mark><\/h3>\n\n\n<div class=\"wp-block-image\">\n<figure class=\"aligncenter size-full\"><img decoding=\"async\" width=\"1200\" height=\"190\" src=\"https:\/\/makeup-display.com\/wp-content\/uploads\/2022\/03\/Our-Cooperation-Partners.png\" alt=\"Nos partenaires de coop\u00e9ration\" class=\"wp-image-6572\" srcset=\"https:\/\/makeup-display.com\/wp-content\/uploads\/2022\/03\/Our-Cooperation-Partners.png 1200w, https:\/\/makeup-display.com\/wp-content\/uploads\/2022\/03\/Our-Cooperation-Partners-400x63.png 400w, https:\/\/makeup-display.com\/wp-content\/uploads\/2022\/03\/Our-Cooperation-Partners-768x122.png 768w\" sizes=\"(max-width: 1200px) 100vw, 1200px\" \/><\/figure>\n<\/div>\n\n\n<p><\/p>","protected":false},"excerpt":{"rendered":"","protected":false},"author":1,"featured_media":0,"parent":0,"menu_order":0,"comment_status":"closed","ping_status":"closed","template":"","meta":{"footnotes":""},"class_list":["post-55","page","type-page","status-publish","hentry"],"yoast_head":"<!-- This site is optimized with the Yoast SEO plugin v27.3 - https:\/\/yoast.com\/product\/yoast-seo-wordpress\/ -->\n<title>About us - Professional Chinese makeup display factory<\/title>\n<meta name=\"description\" content=\"We specialized in making Makeup display stand, Cosmetic display, Lipstick display stand, Makeup brush display, Skin care product display\" \/>\n<meta name=\"robots\" content=\"index, follow, max-snippet:-1, max-image-preview:large, max-video-preview:-1\" \/>\n<link rel=\"canonical\" href=\"https:\/\/makeup-display.com\/fr\/about-us\/\" \/>\n<meta property=\"og:locale\" content=\"fr_FR\" \/>\n<meta property=\"og:type\" content=\"article\" \/>\n<meta property=\"og:title\" content=\"About us - Professional Chinese makeup display factory\" \/>\n<meta property=\"og:description\" content=\"We specialized in making Makeup display stand, Cosmetic display, Lipstick display stand, Makeup brush display, Skin care product display\" \/>\n<meta property=\"og:url\" content=\"https:\/\/makeup-display.com\/fr\/about-us\/\" \/>\n<meta property=\"og:site_name\" content=\"China Makeup Display Manufacturer\" \/>\n<meta property=\"article:modified_time\" content=\"2023-02-13T07:56:12+00:00\" \/>\n<meta property=\"og:image\" content=\"https:\/\/makeup-display.com\/wp-content\/uploads\/2022\/03\/Our-workshop.jpg\" \/>\n<meta name=\"twitter:label1\" content=\"Dur\u00e9e de lecture estim\u00e9e\" \/>\n\t<meta name=\"twitter:data1\" content=\"3 minutes\" \/>\n<script type=\"application\/ld+json\" class=\"yoast-schema-graph\">{\"@context\":\"https:\\\/\\\/schema.org\",\"@graph\":[{\"@type\":\"WebPage\",\"@id\":\"https:\\\/\\\/makeup-display.com\\\/about-us\\\/\",\"url\":\"https:\\\/\\\/makeup-display.com\\\/about-us\\\/\",\"name\":\"About us - Professional Chinese makeup display factory\",\"isPartOf\":{\"@id\":\"https:\\\/\\\/makeup-display.com\\\/#website\"},\"primaryImageOfPage\":{\"@id\":\"https:\\\/\\\/makeup-display.com\\\/about-us\\\/#primaryimage\"},\"image\":{\"@id\":\"https:\\\/\\\/makeup-display.com\\\/about-us\\\/#primaryimage\"},\"thumbnailUrl\":\"https:\\\/\\\/makeup-display.com\\\/wp-content\\\/uploads\\\/2022\\\/03\\\/Our-workshop.jpg\",\"datePublished\":\"2016-12-02T05:37:39+00:00\",\"dateModified\":\"2023-02-13T07:56:12+00:00\",\"description\":\"We specialized in making Makeup display stand, Cosmetic display, Lipstick display stand, Makeup brush display, Skin care product display\",\"breadcrumb\":{\"@id\":\"https:\\\/\\\/makeup-display.com\\\/about-us\\\/#breadcrumb\"},\"inLanguage\":\"fr-FR\",\"potentialAction\":[{\"@type\":\"ReadAction\",\"target\":[\"https:\\\/\\\/makeup-display.com\\\/about-us\\\/\"]}]},{\"@type\":\"ImageObject\",\"inLanguage\":\"fr-FR\",\"@id\":\"https:\\\/\\\/makeup-display.com\\\/about-us\\\/#primaryimage\",\"url\":\"https:\\\/\\\/makeup-display.com\\\/wp-content\\\/uploads\\\/2022\\\/03\\\/Our-workshop.jpg\",\"contentUrl\":\"https:\\\/\\\/makeup-display.com\\\/wp-content\\\/uploads\\\/2022\\\/03\\\/Our-workshop.jpg\"},{\"@type\":\"BreadcrumbList\",\"@id\":\"https:\\\/\\\/makeup-display.com\\\/about-us\\\/#breadcrumb\",\"itemListElement\":[{\"@type\":\"ListItem\",\"position\":1,\"name\":\"\u9996\u9875\",\"item\":\"https:\\\/\\\/makeup-display.com\\\/\"},{\"@type\":\"ListItem\",\"position\":2,\"name\":\"About us\"}]},{\"@type\":\"WebSite\",\"@id\":\"https:\\\/\\\/makeup-display.com\\\/#website\",\"url\":\"https:\\\/\\\/makeup-display.com\\\/\",\"name\":\"China Makeup Display Manufacturer\",\"description\":\"Custom Acrylic Makeup Display Stands\",\"publisher\":{\"@id\":\"https:\\\/\\\/makeup-display.com\\\/#organization\"},\"potentialAction\":[{\"@type\":\"SearchAction\",\"target\":{\"@type\":\"EntryPoint\",\"urlTemplate\":\"https:\\\/\\\/makeup-display.com\\\/?s={search_term_string}\"},\"query-input\":{\"@type\":\"PropertyValueSpecification\",\"valueRequired\":true,\"valueName\":\"search_term_string\"}}],\"inLanguage\":\"fr-FR\"},{\"@type\":\"Organization\",\"@id\":\"https:\\\/\\\/makeup-display.com\\\/#organization\",\"name\":\"China Makeup Display Manufacturer\",\"url\":\"https:\\\/\\\/makeup-display.com\\\/\",\"logo\":{\"@type\":\"ImageObject\",\"inLanguage\":\"fr-FR\",\"@id\":\"https:\\\/\\\/makeup-display.com\\\/#\\\/schema\\\/logo\\\/image\\\/\",\"url\":\"https:\\\/\\\/makeup-display.com\\\/wp-content\\\/uploads\\\/2021\\\/07\\\/logo-20210714.png\",\"contentUrl\":\"https:\\\/\\\/makeup-display.com\\\/wp-content\\\/uploads\\\/2021\\\/07\\\/logo-20210714.png\",\"width\":400,\"height\":64,\"caption\":\"China Makeup Display Manufacturer\"},\"image\":{\"@id\":\"https:\\\/\\\/makeup-display.com\\\/#\\\/schema\\\/logo\\\/image\\\/\"}}]}<\/script>\n<!-- \/ Yoast SEO plugin. -->","yoast_head_json":{"title":"A propos de nous - Fabricant professionnel de pr\u00e9sentoirs de maquillage en Chine","description":"Nous sommes sp\u00e9cialis\u00e9s dans la fabrication de pr\u00e9sentoirs \u00e0 maquillage, de pr\u00e9sentoirs \u00e0 cosm\u00e9tiques, de pr\u00e9sentoirs \u00e0 rouge \u00e0 l\u00e8vres, de pr\u00e9sentoirs \u00e0 pinceaux de maquillage, de pr\u00e9sentoirs \u00e0 produits de soins de la peau.","robots":{"index":"index","follow":"follow","max-snippet":"max-snippet:-1","max-image-preview":"max-image-preview:large","max-video-preview":"max-video-preview:-1"},"canonical":"https:\/\/makeup-display.com\/fr\/about-us\/","og_locale":"fr_FR","og_type":"article","og_title":"About us - Professional Chinese makeup display factory","og_description":"We specialized in making Makeup display stand, Cosmetic display, Lipstick display stand, Makeup brush display, Skin care product display","og_url":"https:\/\/makeup-display.com\/fr\/about-us\/","og_site_name":"China Makeup Display Manufacturer","article_modified_time":"2023-02-13T07:56:12+00:00","og_image":[{"url":"https:\/\/makeup-display.com\/wp-content\/uploads\/2022\/03\/Our-workshop.jpg","type":"","width":"","height":""}],"twitter_misc":{"Dur\u00e9e de lecture estim\u00e9e":"3 minutes"},"schema":{"@context":"https:\/\/schema.org","@graph":[{"@type":"WebPage","@id":"https:\/\/makeup-display.com\/about-us\/","url":"https:\/\/makeup-display.com\/about-us\/","name":"A propos de nous - Fabricant professionnel de pr\u00e9sentoirs de maquillage en Chine","isPartOf":{"@id":"https:\/\/makeup-display.com\/#website"},"primaryImageOfPage":{"@id":"https:\/\/makeup-display.com\/about-us\/#primaryimage"},"image":{"@id":"https:\/\/makeup-display.com\/about-us\/#primaryimage"},"thumbnailUrl":"https:\/\/makeup-display.com\/wp-content\/uploads\/2022\/03\/Our-workshop.jpg","datePublished":"2016-12-02T05:37:39+00:00","dateModified":"2023-02-13T07:56:12+00:00","description":"Nous sommes sp\u00e9cialis\u00e9s dans la fabrication de pr\u00e9sentoirs \u00e0 maquillage, de pr\u00e9sentoirs \u00e0 cosm\u00e9tiques, de pr\u00e9sentoirs \u00e0 rouge \u00e0 l\u00e8vres, de pr\u00e9sentoirs \u00e0 pinceaux de maquillage, de pr\u00e9sentoirs \u00e0 produits de soins de la peau.","breadcrumb":{"@id":"https:\/\/makeup-display.com\/about-us\/#breadcrumb"},"inLanguage":"fr-FR","potentialAction":[{"@type":"ReadAction","target":["https:\/\/makeup-display.com\/about-us\/"]}]},{"@type":"ImageObject","inLanguage":"fr-FR","@id":"https:\/\/makeup-display.com\/about-us\/#primaryimage","url":"https:\/\/makeup-display.com\/wp-content\/uploads\/2022\/03\/Our-workshop.jpg","contentUrl":"https:\/\/makeup-display.com\/wp-content\/uploads\/2022\/03\/Our-workshop.jpg"},{"@type":"BreadcrumbList","@id":"https:\/\/makeup-display.com\/about-us\/#breadcrumb","itemListElement":[{"@type":"ListItem","position":1,"name":"\u9996\u9875","item":"https:\/\/makeup-display.com\/"},{"@type":"ListItem","position":2,"name":"About us"}]},{"@type":"WebSite","@id":"https:\/\/makeup-display.com\/#website","url":"https:\/\/makeup-display.com\/","name":"Fabricant chinois de pr\u00e9sentoirs de maquillage","description":"Pr\u00e9sentoirs de maquillage en acrylique personnalis\u00e9s","publisher":{"@id":"https:\/\/makeup-display.com\/#organization"},"potentialAction":[{"@type":"SearchAction","target":{"@type":"EntryPoint","urlTemplate":"https:\/\/makeup-display.com\/?s={search_term_string}"},"query-input":{"@type":"PropertyValueSpecification","valueRequired":true,"valueName":"search_term_string"}}],"inLanguage":"fr-FR"},{"@type":"Organization","@id":"https:\/\/makeup-display.com\/#organization","name":"Fabricant chinois de pr\u00e9sentoirs de maquillage","url":"https:\/\/makeup-display.com\/","logo":{"@type":"ImageObject","inLanguage":"fr-FR","@id":"https:\/\/makeup-display.com\/#\/schema\/logo\/image\/","url":"https:\/\/makeup-display.com\/wp-content\/uploads\/2021\/07\/logo-20210714.png","contentUrl":"https:\/\/makeup-display.com\/wp-content\/uploads\/2021\/07\/logo-20210714.png","width":400,"height":64,"caption":"China Makeup Display Manufacturer"},"image":{"@id":"https:\/\/makeup-display.com\/#\/schema\/logo\/image\/"}}]}},"_links":{"self":[{"href":"https:\/\/makeup-display.com\/fr\/wp-json\/wp\/v2\/pages\/55","targetHints":{"allow":["GET"]}}],"collection":[{"href":"https:\/\/makeup-display.com\/fr\/wp-json\/wp\/v2\/pages"}],"about":[{"href":"https:\/\/makeup-display.com\/fr\/wp-json\/wp\/v2\/types\/page"}],"author":[{"embeddable":true,"href":"https:\/\/makeup-display.com\/fr\/wp-json\/wp\/v2\/users\/1"}],"replies":[{"embeddable":true,"href":"https:\/\/makeup-display.com\/fr\/wp-json\/wp\/v2\/comments?post=55"}],"version-history":[{"count":0,"href":"https:\/\/makeup-display.com\/fr\/wp-json\/wp\/v2\/pages\/55\/revisions"}],"wp:attachment":[{"href":"https:\/\/makeup-display.com\/fr\/wp-json\/wp\/v2\/media?parent=55"}],"curies":[{"name":"wp","href":"https:\/\/api.w.org\/{rel}","templated":true}]}}