{"id":8,"date":"2014-11-01T20:18:28","date_gmt":"2014-11-01T12:18:28","guid":{"rendered":"http:\/\/rt18-t1028.bshark.com\/?page_id=8"},"modified":"2023-04-10T01:55:34","modified_gmt":"2023-04-10T08:55:34","slug":"home","status":"publish","type":"page","link":"https:\/\/makeup-display.com\/fr\/","title":{"rendered":"Accueil"},"content":{"rendered":"","protected":false},"excerpt":{"rendered":"","protected":false},"author":1,"featured_media":0,"parent":0,"menu_order":0,"comment_status":"open","ping_status":"closed","template":"","meta":{"footnotes":""},"class_list":["post-8","page","type-page","status-publish","hentry"],"yoast_head":"<!-- This site is optimized with the Yoast SEO plugin v27.3 - https:\/\/yoast.com\/product\/yoast-seo-wordpress\/ -->\n<title>Makeup Stand, Cosmetic Display - Custom Made Service<\/title>\n<meta name=\"description\" content=\"Direct China Manufacturer Offers Custom Makeup Stand, Cosmetic Display, Lipstick Display Stand, Makeup Brush Stand, Perfume Stand, etc.\" \/>\n<meta name=\"robots\" content=\"index, follow, max-snippet:-1, max-image-preview:large, max-video-preview:-1\" \/>\n<link rel=\"canonical\" href=\"https:\/\/makeup-display.com\/fr\/\" \/>\n<meta property=\"og:locale\" content=\"fr_FR\" \/>\n<meta property=\"og:type\" content=\"article\" \/>\n<meta property=\"og:title\" content=\"Makeup Stand, Cosmetic Display - Custom Made Service\" \/>\n<meta property=\"og:description\" content=\"Direct China Manufacturer Offers Custom Makeup Stand, Cosmetic Display, Lipstick Display Stand, Makeup Brush Stand, Perfume Stand, etc.\" \/>\n<meta property=\"og:url\" content=\"https:\/\/makeup-display.com\/fr\/\" \/>\n<meta property=\"og:site_name\" content=\"China Makeup Display Manufacturer\" \/>\n<meta property=\"article:modified_time\" content=\"2023-04-10T08:55:34+00:00\" \/>\n<script type=\"application\/ld+json\" class=\"yoast-schema-graph\">{\"@context\":\"https:\\\/\\\/schema.org\",\"@graph\":[{\"@type\":\"WebPage\",\"@id\":\"https:\\\/\\\/makeup-display.com\\\/\",\"url\":\"https:\\\/\\\/makeup-display.com\\\/\",\"name\":\"Makeup Stand, Cosmetic Display - Custom Made Service\",\"isPartOf\":{\"@id\":\"https:\\\/\\\/makeup-display.com\\\/#website\"},\"datePublished\":\"2014-11-01T12:18:28+00:00\",\"dateModified\":\"2023-04-10T08:55:34+00:00\",\"description\":\"Direct China Manufacturer Offers Custom Makeup Stand, Cosmetic Display, Lipstick Display Stand, Makeup Brush Stand, Perfume Stand, etc.\",\"breadcrumb\":{\"@id\":\"https:\\\/\\\/makeup-display.com\\\/#breadcrumb\"},\"inLanguage\":\"fr-FR\",\"potentialAction\":[{\"@type\":\"ReadAction\",\"target\":[\"https:\\\/\\\/makeup-display.com\\\/\"]}]},{\"@type\":\"BreadcrumbList\",\"@id\":\"https:\\\/\\\/makeup-display.com\\\/#breadcrumb\",\"itemListElement\":[{\"@type\":\"ListItem\",\"position\":1,\"name\":\"\u9996\u9875\",\"item\":\"https:\\\/\\\/makeup-display.com\\\/\"},{\"@type\":\"ListItem\",\"position\":2,\"name\":\"Home\"}]},{\"@type\":\"WebSite\",\"@id\":\"https:\\\/\\\/makeup-display.com\\\/#website\",\"url\":\"https:\\\/\\\/makeup-display.com\\\/\",\"name\":\"China Makeup Display Manufacturer\",\"description\":\"Custom Acrylic Makeup Display Stands\",\"publisher\":{\"@id\":\"https:\\\/\\\/makeup-display.com\\\/#organization\"},\"potentialAction\":[{\"@type\":\"SearchAction\",\"target\":{\"@type\":\"EntryPoint\",\"urlTemplate\":\"https:\\\/\\\/makeup-display.com\\\/?s={search_term_string}\"},\"query-input\":{\"@type\":\"PropertyValueSpecification\",\"valueRequired\":true,\"valueName\":\"search_term_string\"}}],\"inLanguage\":\"fr-FR\"},{\"@type\":\"Organization\",\"@id\":\"https:\\\/\\\/makeup-display.com\\\/#organization\",\"name\":\"China Makeup Display Manufacturer\",\"url\":\"https:\\\/\\\/makeup-display.com\\\/\",\"logo\":{\"@type\":\"ImageObject\",\"inLanguage\":\"fr-FR\",\"@id\":\"https:\\\/\\\/makeup-display.com\\\/#\\\/schema\\\/logo\\\/image\\\/\",\"url\":\"https:\\\/\\\/makeup-display.com\\\/wp-content\\\/uploads\\\/2021\\\/07\\\/logo-20210714.png\",\"contentUrl\":\"https:\\\/\\\/makeup-display.com\\\/wp-content\\\/uploads\\\/2021\\\/07\\\/logo-20210714.png\",\"width\":400,\"height\":64,\"caption\":\"China Makeup Display Manufacturer\"},\"image\":{\"@id\":\"https:\\\/\\\/makeup-display.com\\\/#\\\/schema\\\/logo\\\/image\\\/\"}}]}<\/script>\n<!-- \/ Yoast SEO plugin. -->","yoast_head_json":{"title":"Stand de maquillage, pr\u00e9sentoir \u00e0 cosm\u00e9tiques - Service sur mesure","description":"Fabricant chinois direct offrant des stands de maquillage personnalis\u00e9s, des pr\u00e9sentoirs de cosm\u00e9tiques, des pr\u00e9sentoirs de rouge \u00e0 l\u00e8vres, des stands de pinceaux de maquillage, des stands de parfum, etc.","robots":{"index":"index","follow":"follow","max-snippet":"max-snippet:-1","max-image-preview":"max-image-preview:large","max-video-preview":"max-video-preview:-1"},"canonical":"https:\/\/makeup-display.com\/fr\/","og_locale":"fr_FR","og_type":"article","og_title":"Makeup Stand, Cosmetic Display - Custom Made Service","og_description":"Direct China Manufacturer Offers Custom Makeup Stand, Cosmetic Display, Lipstick Display Stand, Makeup Brush Stand, Perfume Stand, etc.","og_url":"https:\/\/makeup-display.com\/fr\/","og_site_name":"China Makeup Display Manufacturer","article_modified_time":"2023-04-10T08:55:34+00:00","schema":{"@context":"https:\/\/schema.org","@graph":[{"@type":"WebPage","@id":"https:\/\/makeup-display.com\/","url":"https:\/\/makeup-display.com\/","name":"Stand de maquillage, pr\u00e9sentoir \u00e0 cosm\u00e9tiques - Service sur mesure","isPartOf":{"@id":"https:\/\/makeup-display.com\/#website"},"datePublished":"2014-11-01T12:18:28+00:00","dateModified":"2023-04-10T08:55:34+00:00","description":"Fabricant chinois direct offrant des stands de maquillage personnalis\u00e9s, des pr\u00e9sentoirs de cosm\u00e9tiques, des pr\u00e9sentoirs de rouge \u00e0 l\u00e8vres, des stands de pinceaux de maquillage, des stands de parfum, etc.","breadcrumb":{"@id":"https:\/\/makeup-display.com\/#breadcrumb"},"inLanguage":"fr-FR","potentialAction":[{"@type":"ReadAction","target":["https:\/\/makeup-display.com\/"]}]},{"@type":"BreadcrumbList","@id":"https:\/\/makeup-display.com\/#breadcrumb","itemListElement":[{"@type":"ListItem","position":1,"name":"\u9996\u9875","item":"https:\/\/makeup-display.com\/"},{"@type":"ListItem","position":2,"name":"Home"}]},{"@type":"WebSite","@id":"https:\/\/makeup-display.com\/#website","url":"https:\/\/makeup-display.com\/","name":"Fabricant chinois de pr\u00e9sentoirs de maquillage","description":"Pr\u00e9sentoirs de maquillage en acrylique personnalis\u00e9s","publisher":{"@id":"https:\/\/makeup-display.com\/#organization"},"potentialAction":[{"@type":"SearchAction","target":{"@type":"EntryPoint","urlTemplate":"https:\/\/makeup-display.com\/?s={search_term_string}"},"query-input":{"@type":"PropertyValueSpecification","valueRequired":true,"valueName":"search_term_string"}}],"inLanguage":"fr-FR"},{"@type":"Organization","@id":"https:\/\/makeup-display.com\/#organization","name":"Fabricant chinois de pr\u00e9sentoirs de maquillage","url":"https:\/\/makeup-display.com\/","logo":{"@type":"ImageObject","inLanguage":"fr-FR","@id":"https:\/\/makeup-display.com\/#\/schema\/logo\/image\/","url":"https:\/\/makeup-display.com\/wp-content\/uploads\/2021\/07\/logo-20210714.png","contentUrl":"https:\/\/makeup-display.com\/wp-content\/uploads\/2021\/07\/logo-20210714.png","width":400,"height":64,"caption":"China Makeup Display Manufacturer"},"image":{"@id":"https:\/\/makeup-display.com\/#\/schema\/logo\/image\/"}}]}},"_links":{"self":[{"href":"https:\/\/makeup-display.com\/fr\/wp-json\/wp\/v2\/pages\/8","targetHints":{"allow":["GET"]}}],"collection":[{"href":"https:\/\/makeup-display.com\/fr\/wp-json\/wp\/v2\/pages"}],"about":[{"href":"https:\/\/makeup-display.com\/fr\/wp-json\/wp\/v2\/types\/page"}],"author":[{"embeddable":true,"href":"https:\/\/makeup-display.com\/fr\/wp-json\/wp\/v2\/users\/1"}],"replies":[{"embeddable":true,"href":"https:\/\/makeup-display.com\/fr\/wp-json\/wp\/v2\/comments?post=8"}],"version-history":[{"count":0,"href":"https:\/\/makeup-display.com\/fr\/wp-json\/wp\/v2\/pages\/8\/revisions"}],"wp:attachment":[{"href":"https:\/\/makeup-display.com\/fr\/wp-json\/wp\/v2\/media?parent=8"}],"curies":[{"name":"wp","href":"https:\/\/api.w.org\/{rel}","templated":true}]}}