{"id":55,"date":"2016-12-02T13:37:39","date_gmt":"2016-12-02T05:37:39","guid":{"rendered":"http:\/\/rt18-t1028.bshark.com\/?page_id=55"},"modified":"2023-02-12T23:56:12","modified_gmt":"2023-02-13T07:56:12","slug":"about-us","status":"publish","type":"page","link":"https:\/\/makeup-display.com\/it\/about-us\/","title":{"rendered":"Chi siamo"},"content":{"rendered":"<p><strong>Cavaliere della domenica<sup>\u00ae<\/sup> Display per il trucco<\/strong> \u00e8 un produttore leader di espositori acrilici personalizzati con sede nella citt\u00e0 di Dongguan, nella provincia di Guangdong, in Cina. La nostra azienda si dedica a fornire soluzioni espositive acriliche innovative e di alta qualit\u00e0 all'industria cosmetica e della bellezza. Con un'attenzione particolare alla qualit\u00e0 e alla soddisfazione del cliente, siamo specializzati nella produzione di un'ampia gamma di espositori in acrilico, tra cui espositori per il trucco, espositori per cosmetici, espositori per rossetti, espositori per pennelli per il trucco, espositori per prodotti per la cura della pelle, espositori per matite per sopracciglia, espositori per ciglia, scatole per ciglia, espositori per maschere per il viso, organizzatori per il trucco, espositori per smalti per unghie, espositori per profumi e altro ancora.<\/p>\n<p>Siamo consapevoli dell'importanza di fornire prodotti che soddisfino gli elevati standard dell'industria cosmetica e della bellezza. Per questo motivo abbiamo investito in laboratori specializzati, dipendenti qualificati e macchinari ad alte prestazioni per garantire la produzione di prodotti di alta qualit\u00e0 con la massima capacit\u00e0 produttiva. La nostra capacit\u00e0 di gestire diversi ordini ODM e OEM ci permette inoltre di fornire soluzioni personalizzate che soddisfano le esigenze uniche dei nostri clienti.<\/p>\n\n<div class=\"wp-block-image\">\n<figure class=\"aligncenter size-full\"><img decoding=\"async\" width=\"750\" height=\"500\" src=\"https:\/\/makeup-display.com\/wp-content\/uploads\/2022\/03\/Our-workshop.jpg\" alt=\"Il nostro laboratorio\" class=\"wp-image-6569\" srcset=\"https:\/\/makeup-display.com\/wp-content\/uploads\/2022\/03\/Our-workshop.jpg 750w, https:\/\/makeup-display.com\/wp-content\/uploads\/2022\/03\/Our-workshop-400x267.jpg 400w\" sizes=\"(max-width: 750px) 100vw, 750px\" \/><\/figure>\n<\/div>\n\n\n<p>Al Cavaliere della Domenica<sup>\u00ae<\/sup> Makeup Display si impegna a fornire ai propri clienti la migliore esperienza di acquisto possibile. I nostri prodotti sono molto richiesti e vengono esportati in tutto il mondo in paesi come gli Stati Uniti, l'Europa, l'Australia, il Giappone e il Medio Oriente. La nostra attenzione alla qualit\u00e0 e alla soddisfazione del cliente ci ha fatto guadagnare una solida reputazione nel settore e ci ha permesso di stabilire relazioni durature con i nostri clienti.<\/p>\n\n\n\n<p>Oltre al nostro impegno per la qualit\u00e0, ci dedichiamo anche a fornire un eccellente servizio clienti. Il nostro team di esperti \u00e8 sempre a disposizione per rispondere a qualsiasi domanda o dubbio e per fornire assistenza durante l'intero processo, dalla consultazione iniziale alla consegna finale.<\/p>\n\n\n\n<p>In conclusione, se avete bisogno di un produttore affidabile e fidato di espositori acrilici personalizzati per l'industria cosmetica e della bellezza, non cercate oltre Sunday Knight.<sup>\u00ae<\/sup> Espositori per trucchi. Con un forte impegno per la qualit\u00e0, una gamma di personalizzazioni e un team dedicato di esperti, siamo la scelta ideale per tutte le vostre esigenze di espositori per trucchi.<\/p>\n\n\n\n<p><\/p>\n\n\n\n<h2 class=\"wp-block-heading\">Perch\u00e9 scegliere noi?<\/h2>\n\n\n\n<p><strong>Eccellente servizio clienti<\/strong><br>Il nostro team di esperti \u00e8 sempre a disposizione per fornire assistenza e rispondere a qualsiasi domanda.<\/p>\n\n\n\n<p><strong>Soluzioni efficaci dal punto di vista dei costi<\/strong><br>Eliminando l'intermediario, siamo in grado di offrire i nostri prodotti a un costo inferiore senza compromettere la qualit\u00e0.<\/p>\n\n\n\n<p><strong>Prodotti di alta qualit\u00e0<\/strong><br>Utilizziamo solo i migliori materiali e le tecnologie pi\u00f9 avanzate per realizzare prodotti che soddisfino i pi\u00f9 elevati standard dell'industria cosmetica e della bellezza.<\/p>\n\n\n\n<p><strong>Flessibilit\u00e0 nel design<\/strong><br>Siamo consapevoli dell'importanza di avere un prodotto unico per il vostro marchio, per questo offriamo servizi di personalizzazione per garantire che il vostro espositore acrilico si distingua dagli altri.<\/p>\n\n\n\n<p><strong>Produzione rapida ed efficiente<\/strong><br>Come produttore diretto, siamo in grado di controllare il processo produttivo dall'inizio alla fine e di garantire tempi di consegna rapidi, anche per gli ordini urgenti.<\/p>\n\n\n\n<p><strong>Competenza nel settore<\/strong><br>Con molti anni di esperienza nella produzione di espositori acrilici, abbiamo sviluppato una profonda conoscenza del settore e abbiamo lavorato con una serie di clienti, anche famosi.<\/p>\n\n\n\n<p>In conclusione, la scelta del Cavaliere della Domenica<sup>\u00ae<\/sup> Makeup Display come fornitore di soluzioni espositive acriliche personalizzate offre numerosi vantaggi, tra cui il risparmio sui costi, le garanzie di qualit\u00e0, la personalizzazione, i tempi di consegna rapidi e l'esperienza nel settore. Contattateci oggi stesso per scoprire come possiamo aiutarvi a dare vita alla vostra visione.<\/p>\n\n\n\n<h3 class=\"wp-block-heading\"><mark style=\"background-color:rgba(0, 0, 0, 0)\" class=\"has-inline-color has-vivid-purple-color\">Alcuni dei nostri partner di cooperazione:<\/mark><\/h3>\n\n\n<div class=\"wp-block-image\">\n<figure class=\"aligncenter size-full\"><img decoding=\"async\" width=\"1200\" height=\"190\" src=\"https:\/\/makeup-display.com\/wp-content\/uploads\/2022\/03\/Our-Cooperation-Partners.png\" alt=\"I nostri partner di cooperazione\" class=\"wp-image-6572\" srcset=\"https:\/\/makeup-display.com\/wp-content\/uploads\/2022\/03\/Our-Cooperation-Partners.png 1200w, https:\/\/makeup-display.com\/wp-content\/uploads\/2022\/03\/Our-Cooperation-Partners-400x63.png 400w, https:\/\/makeup-display.com\/wp-content\/uploads\/2022\/03\/Our-Cooperation-Partners-768x122.png 768w\" sizes=\"(max-width: 1200px) 100vw, 1200px\" \/><\/figure>\n<\/div>\n\n\n<p><\/p>","protected":false},"excerpt":{"rendered":"","protected":false},"author":1,"featured_media":0,"parent":0,"menu_order":0,"comment_status":"closed","ping_status":"closed","template":"","meta":{"footnotes":""},"class_list":["post-55","page","type-page","status-publish","hentry"],"yoast_head":"<!-- This site is optimized with the Yoast SEO plugin v27.3 - https:\/\/yoast.com\/product\/yoast-seo-wordpress\/ -->\n<title>About us - Professional Chinese makeup display factory<\/title>\n<meta name=\"description\" content=\"We specialized in making Makeup display stand, Cosmetic display, Lipstick display stand, Makeup brush display, Skin care product display\" \/>\n<meta name=\"robots\" content=\"index, follow, max-snippet:-1, max-image-preview:large, max-video-preview:-1\" \/>\n<link rel=\"canonical\" href=\"https:\/\/makeup-display.com\/it\/about-us\/\" \/>\n<meta property=\"og:locale\" content=\"it_IT\" \/>\n<meta property=\"og:type\" content=\"article\" \/>\n<meta property=\"og:title\" content=\"About us - Professional Chinese makeup display factory\" \/>\n<meta property=\"og:description\" content=\"We specialized in making Makeup display stand, Cosmetic display, Lipstick display stand, Makeup brush display, Skin care product display\" \/>\n<meta property=\"og:url\" content=\"https:\/\/makeup-display.com\/it\/about-us\/\" \/>\n<meta property=\"og:site_name\" content=\"China Makeup Display Manufacturer\" \/>\n<meta property=\"article:modified_time\" content=\"2023-02-13T07:56:12+00:00\" \/>\n<meta property=\"og:image\" content=\"https:\/\/makeup-display.com\/wp-content\/uploads\/2022\/03\/Our-workshop.jpg\" \/>\n<meta name=\"twitter:label1\" content=\"Tempo di lettura stimato\" \/>\n\t<meta name=\"twitter:data1\" content=\"3 minuti\" \/>\n<script type=\"application\/ld+json\" class=\"yoast-schema-graph\">{\"@context\":\"https:\\\/\\\/schema.org\",\"@graph\":[{\"@type\":\"WebPage\",\"@id\":\"https:\\\/\\\/makeup-display.com\\\/about-us\\\/\",\"url\":\"https:\\\/\\\/makeup-display.com\\\/about-us\\\/\",\"name\":\"About us - Professional Chinese makeup display factory\",\"isPartOf\":{\"@id\":\"https:\\\/\\\/makeup-display.com\\\/#website\"},\"primaryImageOfPage\":{\"@id\":\"https:\\\/\\\/makeup-display.com\\\/about-us\\\/#primaryimage\"},\"image\":{\"@id\":\"https:\\\/\\\/makeup-display.com\\\/about-us\\\/#primaryimage\"},\"thumbnailUrl\":\"https:\\\/\\\/makeup-display.com\\\/wp-content\\\/uploads\\\/2022\\\/03\\\/Our-workshop.jpg\",\"datePublished\":\"2016-12-02T05:37:39+00:00\",\"dateModified\":\"2023-02-13T07:56:12+00:00\",\"description\":\"We specialized in making Makeup display stand, Cosmetic display, Lipstick display stand, Makeup brush display, Skin care product display\",\"breadcrumb\":{\"@id\":\"https:\\\/\\\/makeup-display.com\\\/about-us\\\/#breadcrumb\"},\"inLanguage\":\"it-IT\",\"potentialAction\":[{\"@type\":\"ReadAction\",\"target\":[\"https:\\\/\\\/makeup-display.com\\\/about-us\\\/\"]}]},{\"@type\":\"ImageObject\",\"inLanguage\":\"it-IT\",\"@id\":\"https:\\\/\\\/makeup-display.com\\\/about-us\\\/#primaryimage\",\"url\":\"https:\\\/\\\/makeup-display.com\\\/wp-content\\\/uploads\\\/2022\\\/03\\\/Our-workshop.jpg\",\"contentUrl\":\"https:\\\/\\\/makeup-display.com\\\/wp-content\\\/uploads\\\/2022\\\/03\\\/Our-workshop.jpg\"},{\"@type\":\"BreadcrumbList\",\"@id\":\"https:\\\/\\\/makeup-display.com\\\/about-us\\\/#breadcrumb\",\"itemListElement\":[{\"@type\":\"ListItem\",\"position\":1,\"name\":\"\u9996\u9875\",\"item\":\"https:\\\/\\\/makeup-display.com\\\/\"},{\"@type\":\"ListItem\",\"position\":2,\"name\":\"About us\"}]},{\"@type\":\"WebSite\",\"@id\":\"https:\\\/\\\/makeup-display.com\\\/#website\",\"url\":\"https:\\\/\\\/makeup-display.com\\\/\",\"name\":\"China Makeup Display Manufacturer\",\"description\":\"Custom Acrylic Makeup Display Stands\",\"publisher\":{\"@id\":\"https:\\\/\\\/makeup-display.com\\\/#organization\"},\"potentialAction\":[{\"@type\":\"SearchAction\",\"target\":{\"@type\":\"EntryPoint\",\"urlTemplate\":\"https:\\\/\\\/makeup-display.com\\\/?s={search_term_string}\"},\"query-input\":{\"@type\":\"PropertyValueSpecification\",\"valueRequired\":true,\"valueName\":\"search_term_string\"}}],\"inLanguage\":\"it-IT\"},{\"@type\":\"Organization\",\"@id\":\"https:\\\/\\\/makeup-display.com\\\/#organization\",\"name\":\"China Makeup Display Manufacturer\",\"url\":\"https:\\\/\\\/makeup-display.com\\\/\",\"logo\":{\"@type\":\"ImageObject\",\"inLanguage\":\"it-IT\",\"@id\":\"https:\\\/\\\/makeup-display.com\\\/#\\\/schema\\\/logo\\\/image\\\/\",\"url\":\"https:\\\/\\\/makeup-display.com\\\/wp-content\\\/uploads\\\/2021\\\/07\\\/logo-20210714.png\",\"contentUrl\":\"https:\\\/\\\/makeup-display.com\\\/wp-content\\\/uploads\\\/2021\\\/07\\\/logo-20210714.png\",\"width\":400,\"height\":64,\"caption\":\"China Makeup Display Manufacturer\"},\"image\":{\"@id\":\"https:\\\/\\\/makeup-display.com\\\/#\\\/schema\\\/logo\\\/image\\\/\"}}]}<\/script>\n<!-- \/ Yoast SEO plugin. -->","yoast_head_json":{"title":"Chi siamo - Fabbrica professionale cinese di espositori per il trucco","description":"Ci siamo specializzati nella fabbricazione del banco di esposizione del trucco, dell'esposizione cosmetica, del banco di esposizione del rossetto, dell'esposizione del pennello del trucco, dell'esposizione del prodotto di cura di pelle","robots":{"index":"index","follow":"follow","max-snippet":"max-snippet:-1","max-image-preview":"max-image-preview:large","max-video-preview":"max-video-preview:-1"},"canonical":"https:\/\/makeup-display.com\/it\/about-us\/","og_locale":"it_IT","og_type":"article","og_title":"About us - Professional Chinese makeup display factory","og_description":"We specialized in making Makeup display stand, Cosmetic display, Lipstick display stand, Makeup brush display, Skin care product display","og_url":"https:\/\/makeup-display.com\/it\/about-us\/","og_site_name":"China Makeup Display Manufacturer","article_modified_time":"2023-02-13T07:56:12+00:00","og_image":[{"url":"https:\/\/makeup-display.com\/wp-content\/uploads\/2022\/03\/Our-workshop.jpg","type":"","width":"","height":""}],"twitter_misc":{"Tempo di lettura stimato":"3 minuti"},"schema":{"@context":"https:\/\/schema.org","@graph":[{"@type":"WebPage","@id":"https:\/\/makeup-display.com\/about-us\/","url":"https:\/\/makeup-display.com\/about-us\/","name":"Chi siamo - Fabbrica professionale cinese di espositori per il trucco","isPartOf":{"@id":"https:\/\/makeup-display.com\/#website"},"primaryImageOfPage":{"@id":"https:\/\/makeup-display.com\/about-us\/#primaryimage"},"image":{"@id":"https:\/\/makeup-display.com\/about-us\/#primaryimage"},"thumbnailUrl":"https:\/\/makeup-display.com\/wp-content\/uploads\/2022\/03\/Our-workshop.jpg","datePublished":"2016-12-02T05:37:39+00:00","dateModified":"2023-02-13T07:56:12+00:00","description":"Ci siamo specializzati nella fabbricazione del banco di esposizione del trucco, dell'esposizione cosmetica, del banco di esposizione del rossetto, dell'esposizione del pennello del trucco, dell'esposizione del prodotto di cura di pelle","breadcrumb":{"@id":"https:\/\/makeup-display.com\/about-us\/#breadcrumb"},"inLanguage":"it-IT","potentialAction":[{"@type":"ReadAction","target":["https:\/\/makeup-display.com\/about-us\/"]}]},{"@type":"ImageObject","inLanguage":"it-IT","@id":"https:\/\/makeup-display.com\/about-us\/#primaryimage","url":"https:\/\/makeup-display.com\/wp-content\/uploads\/2022\/03\/Our-workshop.jpg","contentUrl":"https:\/\/makeup-display.com\/wp-content\/uploads\/2022\/03\/Our-workshop.jpg"},{"@type":"BreadcrumbList","@id":"https:\/\/makeup-display.com\/about-us\/#breadcrumb","itemListElement":[{"@type":"ListItem","position":1,"name":"\u9996\u9875","item":"https:\/\/makeup-display.com\/"},{"@type":"ListItem","position":2,"name":"About us"}]},{"@type":"WebSite","@id":"https:\/\/makeup-display.com\/#website","url":"https:\/\/makeup-display.com\/","name":"Cina Display per il trucco Fornitore","description":"Espositori per trucco in acrilico personalizzati","publisher":{"@id":"https:\/\/makeup-display.com\/#organization"},"potentialAction":[{"@type":"SearchAction","target":{"@type":"EntryPoint","urlTemplate":"https:\/\/makeup-display.com\/?s={search_term_string}"},"query-input":{"@type":"PropertyValueSpecification","valueRequired":true,"valueName":"search_term_string"}}],"inLanguage":"it-IT"},{"@type":"Organization","@id":"https:\/\/makeup-display.com\/#organization","name":"Cina Display per il trucco Fornitore","url":"https:\/\/makeup-display.com\/","logo":{"@type":"ImageObject","inLanguage":"it-IT","@id":"https:\/\/makeup-display.com\/#\/schema\/logo\/image\/","url":"https:\/\/makeup-display.com\/wp-content\/uploads\/2021\/07\/logo-20210714.png","contentUrl":"https:\/\/makeup-display.com\/wp-content\/uploads\/2021\/07\/logo-20210714.png","width":400,"height":64,"caption":"China Makeup Display Manufacturer"},"image":{"@id":"https:\/\/makeup-display.com\/#\/schema\/logo\/image\/"}}]}},"_links":{"self":[{"href":"https:\/\/makeup-display.com\/it\/wp-json\/wp\/v2\/pages\/55","targetHints":{"allow":["GET"]}}],"collection":[{"href":"https:\/\/makeup-display.com\/it\/wp-json\/wp\/v2\/pages"}],"about":[{"href":"https:\/\/makeup-display.com\/it\/wp-json\/wp\/v2\/types\/page"}],"author":[{"embeddable":true,"href":"https:\/\/makeup-display.com\/it\/wp-json\/wp\/v2\/users\/1"}],"replies":[{"embeddable":true,"href":"https:\/\/makeup-display.com\/it\/wp-json\/wp\/v2\/comments?post=55"}],"version-history":[{"count":0,"href":"https:\/\/makeup-display.com\/it\/wp-json\/wp\/v2\/pages\/55\/revisions"}],"wp:attachment":[{"href":"https:\/\/makeup-display.com\/it\/wp-json\/wp\/v2\/media?parent=55"}],"curies":[{"name":"wp","href":"https:\/\/api.w.org\/{rel}","templated":true}]}}