{"id":2848,"date":"2016-12-02T22:07:17","date_gmt":"2016-12-02T14:07:17","guid":{"rendered":"http:\/\/www.custom-displays.com\/?page_id=2848"},"modified":"2023-01-30T00:41:06","modified_gmt":"2023-01-30T08:41:06","slug":"how-to-order","status":"publish","type":"page","link":"https:\/\/makeup-display.com\/tr\/how-to-order\/","title":{"rendered":"\u00d6zel hizmet"},"content":{"rendered":"<p><span style=\"color: #000000;\"><strong>Biz do\u011frudan \u00c7in akrilik ekran \u00fcreticisi, akrilik kozmetik ekran, makyaj ekran standlar\u0131 ve di\u011fer akrilik \u00fcr\u00fcnler her t\u00fcrl\u00fc i\u00e7in \u00f6zel yap\u0131lm\u0131\u015f hizmet sunuyoruz.<\/strong><\/span><\/p>\n<p><img decoding=\"async\" class=\"size-full wp-image-6596 aligncenter\" src=\"https:\/\/makeup-display.com\/wp-content\/uploads\/2022\/03\/How-to-order-from-us.png\" alt=\"Bizden nas\u0131l sipari\u015f verilir\" width=\"750\" height=\"266\" srcset=\"https:\/\/makeup-display.com\/wp-content\/uploads\/2022\/03\/How-to-order-from-us.png 750w, https:\/\/makeup-display.com\/wp-content\/uploads\/2022\/03\/How-to-order-from-us-400x142.png 400w\" sizes=\"(max-width: 750px) 100vw, 750px\" \/><\/p>\n<p>1.  Kendi numuneniz \/ \u00e7iziminiz \/ foto\u011fraflar\u0131n\u0131z \/ spesifikasyonunuz \/ fikirleriniz varsa, l\u00fctfen bize \u00e7evrimi\u00e7i mesaj veya e-posta g\u00f6nderin <a href=\"mailto:sales@sundayknight.com\">sales@sundayknight.com<\/a> yak\u0131nda sizin i\u00e7in teklif verece\u011fiz.<\/p>\n<p>2.  \u00d6\u011felerimizi be\u011fendiyseniz, l\u00fctfen ayr\u0131nt\u0131l\u0131 \u00fcr\u00fcn sayfas\u0131nda bize \u00e7evrimi\u00e7i mesaj g\u00f6nderin veya teklif i\u00e7in a\u015fa\u011f\u0131daki bilgilerle bize e-posta g\u00f6nderin:<\/p>\n<p>(1). Referans resim veya \u00fcr\u00fcn numaras\u0131 veya sayfa ba\u011flant\u0131s\u0131;<\/p>\n<p>(2). Boyut \/ renk vb. gibi ayr\u0131nt\u0131l\u0131 gerekli \u00f6zellikler;<\/p>\n<p>(3). Sipari\u015f miktar\u0131.<\/p>\n<p style=\"text-align: center;\"><span style=\"color: #800080;\">Markan\u0131z\u0131 olu\u015fturmak ve sat\u0131\u015flar\u0131n\u0131z\u0131 art\u0131rmak i\u00e7in ak\u0131ll\u0131 ekranlara sahip olmaya haz\u0131r m\u0131s\u0131n\u0131z?<\/span><\/p>\n<p style=\"text-align: center;\"><span style=\"color: #0000ff;\"><em><strong>Sizin \u0130\u00e7in Buraday\u0131z!  Tasar\u0131mdan Prototipe, Detaylara G\u00f6sterilen \u00d6zenle Sunuma.<\/strong><\/em><\/span><\/p>\n<p style=\"text-align: center;\"><a class=\"fancybox button_ default medium icon-edit-alt margin-t0  aligncenter\" href=\"#contact_form_pop\">\u015eimdi \u00d6zelle\u015ftirmek \u0130\u00e7in \u0130leti\u015fime Ge\u00e7in!<\/a><\/p>\n<div class=\"fancybox-hidden\" style=\"display: none;\">\n<div id=\"contact_form_pop\">\n<div class=\"wpcf7 no-js\" id=\"wpcf7-f2438-o1\" lang=\"en-US\" dir=\"ltr\" data-wpcf7-id=\"2438\">\n<div class=\"screen-reader-response\"><p role=\"status\" aria-live=\"polite\" aria-atomic=\"true\"><\/p> <ul><\/ul><\/div>\n<form action=\"\/tr\/wp-json\/wp\/v2\/pages\/2848#wpcf7-f2438-o1\" method=\"post\" class=\"wpcf7-form init\" aria-label=\"\u0130leti\u015fim formu\" novalidate=\"novalidate\" data-status=\"init\" data-trp-original-action=\"\/tr\/wp-json\/wp\/v2\/pages\/2848#wpcf7-f2438-o1\">\n<fieldset class=\"hidden-fields-container\"><input type=\"hidden\" name=\"_wpcf7\" value=\"2438\" \/><input type=\"hidden\" name=\"_wpcf7_version\" value=\"6.1.5\" \/><input type=\"hidden\" name=\"_wpcf7_locale\" value=\"en_US\" \/><input type=\"hidden\" name=\"_wpcf7_unit_tag\" value=\"wpcf7-f2438-o1\" \/><input type=\"hidden\" name=\"_wpcf7_container_post\" value=\"0\" \/><input type=\"hidden\" name=\"_wpcf7_posted_data_hash\" value=\"\" \/>\n<\/fieldset>\n<div id=\"enquiry-form\">\n\t<p class=\"t\">Senin ad\u0131n:\n\t<\/p>\n\t<p class=\"c\"><span class=\"wpcf7-form-control-wrap\" data-name=\"your-name\"><input size=\"40\" maxlength=\"400\" class=\"wpcf7-form-control wpcf7-text wpcf7-validates-as-required\" aria-required=\"true\" aria-invalid=\"false\" placeholder=\"\u0130sim\" value=\"\" type=\"text\" name=\"your-name\" \/><\/span>\n\t<\/p>\n\t<p class=\"t\">E-postan\u0131z:\n\t<\/p>\n\t<p class=\"c\"><span class=\"wpcf7-form-control-wrap\" data-name=\"your-email\"><input size=\"40\" maxlength=\"400\" class=\"wpcf7-form-control wpcf7-email wpcf7-validates-as-required wpcf7-text wpcf7-validates-as-email\" aria-required=\"true\" aria-invalid=\"false\" placeholder=\"E-posta\" value=\"\" type=\"email\" name=\"your-email\" \/><\/span>\n\t<\/p>\n\t<p class=\"t\">Mesaj:\n\t<\/p>\n\t<p class=\"c\"><span class=\"wpcf7-form-control-wrap\" data-name=\"your-message\"><textarea cols=\"40\" rows=\"10\" maxlength=\"2000\" class=\"wpcf7-form-control wpcf7-textarea wpcf7-validates-as-required\" aria-required=\"true\" aria-invalid=\"false\" placeholder=\"Mesaj\u0131n\u0131z\" name=\"your-message\"><\/textarea><\/span>\n\t<\/p>\n<div class=\"wpcf7-response-output\" aria-hidden=\"true\"><\/div>\n\t<p class=\"t\"><span class=\"wpcf7-form-control-wrap\" data-name=\"quiz-math\"><label><span class=\"wpcf7-quiz-label\">L\u00fctfen cevap verin 1+8=?<\/span> <input size=\"40\" class=\"wpcf7-form-control wpcf7-quiz quiz\" autocomplete=\"off\" aria-required=\"true\" aria-invalid=\"false\" type=\"text\" name=\"quiz-math\" \/><\/label><input type=\"hidden\" name=\"_wpcf7_quiz_answer_quiz-math\" value=\"2fab22449dda60e3b24d7f853828c333\" \/><\/span>\n\t<\/p>\n\t<p><input class=\"wpcf7-form-control wpcf7-submit has-spinner\" type=\"submit\" value=\"G\u00f6nder\" \/>\n\t<\/p>\n<\/div>\n<input type=\"hidden\" name=\"trp-form-language\" value=\"tr\"\/><\/form>\n<\/div>\n<\/div>\n<\/div>\n\n\n<p><\/p>","protected":false},"excerpt":{"rendered":"","protected":false},"author":1,"featured_media":0,"parent":0,"menu_order":0,"comment_status":"closed","ping_status":"closed","template":"","meta":{"footnotes":""},"class_list":["post-2848","page","type-page","status-publish","hentry"],"yoast_head":"<!-- This site is optimized with the Yoast SEO plugin v27.3 - https:\/\/yoast.com\/product\/yoast-seo-wordpress\/ -->\n<title>How to order acrylic makeup display from direct Chinese factory?<\/title>\n<meta name=\"description\" content=\"Just please tell us your detailed requirement about the makeup display, we will quote for you soon. We offer custom service for all kinds of display stands.\" \/>\n<meta name=\"robots\" content=\"index, follow, max-snippet:-1, max-image-preview:large, max-video-preview:-1\" \/>\n<link rel=\"canonical\" href=\"https:\/\/makeup-display.com\/tr\/how-to-order\/\" \/>\n<meta property=\"og:locale\" content=\"tr_TR\" \/>\n<meta property=\"og:type\" content=\"article\" \/>\n<meta property=\"og:title\" content=\"How to order acrylic makeup display from direct Chinese factory?\" \/>\n<meta property=\"og:description\" content=\"Just please tell us your detailed requirement about the makeup display, we will quote for you soon. We offer custom service for all kinds of display stands.\" \/>\n<meta property=\"og:url\" content=\"https:\/\/makeup-display.com\/tr\/how-to-order\/\" \/>\n<meta property=\"og:site_name\" content=\"China Makeup Display Manufacturer\" \/>\n<meta property=\"article:modified_time\" content=\"2023-01-30T08:41:06+00:00\" \/>\n<meta property=\"og:image\" content=\"https:\/\/makeup-display.com\/wp-content\/uploads\/2022\/03\/How-to-order-from-us.png\" \/>\n<meta name=\"twitter:label1\" content=\"Tahmini okuma s\u00fcresi\" \/>\n\t<meta name=\"twitter:data1\" content=\"1 dakika\" \/>\n<script type=\"application\/ld+json\" class=\"yoast-schema-graph\">{\"@context\":\"https:\\\/\\\/schema.org\",\"@graph\":[{\"@type\":\"WebPage\",\"@id\":\"https:\\\/\\\/makeup-display.com\\\/how-to-order\\\/\",\"url\":\"https:\\\/\\\/makeup-display.com\\\/how-to-order\\\/\",\"name\":\"How to order acrylic makeup display from direct Chinese factory?\",\"isPartOf\":{\"@id\":\"https:\\\/\\\/makeup-display.com\\\/#website\"},\"primaryImageOfPage\":{\"@id\":\"https:\\\/\\\/makeup-display.com\\\/how-to-order\\\/#primaryimage\"},\"image\":{\"@id\":\"https:\\\/\\\/makeup-display.com\\\/how-to-order\\\/#primaryimage\"},\"thumbnailUrl\":\"https:\\\/\\\/makeup-display.com\\\/wp-content\\\/uploads\\\/2022\\\/03\\\/How-to-order-from-us.png\",\"datePublished\":\"2016-12-02T14:07:17+00:00\",\"dateModified\":\"2023-01-30T08:41:06+00:00\",\"description\":\"Just please tell us your detailed requirement about the makeup display, we will quote for you soon. We offer custom service for all kinds of display stands.\",\"breadcrumb\":{\"@id\":\"https:\\\/\\\/makeup-display.com\\\/how-to-order\\\/#breadcrumb\"},\"inLanguage\":\"tr\",\"potentialAction\":[{\"@type\":\"ReadAction\",\"target\":[\"https:\\\/\\\/makeup-display.com\\\/how-to-order\\\/\"]}]},{\"@type\":\"ImageObject\",\"inLanguage\":\"tr\",\"@id\":\"https:\\\/\\\/makeup-display.com\\\/how-to-order\\\/#primaryimage\",\"url\":\"https:\\\/\\\/makeup-display.com\\\/wp-content\\\/uploads\\\/2022\\\/03\\\/How-to-order-from-us.png\",\"contentUrl\":\"https:\\\/\\\/makeup-display.com\\\/wp-content\\\/uploads\\\/2022\\\/03\\\/How-to-order-from-us.png\"},{\"@type\":\"BreadcrumbList\",\"@id\":\"https:\\\/\\\/makeup-display.com\\\/how-to-order\\\/#breadcrumb\",\"itemListElement\":[{\"@type\":\"ListItem\",\"position\":1,\"name\":\"\u9996\u9875\",\"item\":\"https:\\\/\\\/makeup-display.com\\\/\"},{\"@type\":\"ListItem\",\"position\":2,\"name\":\"Custom service\"}]},{\"@type\":\"WebSite\",\"@id\":\"https:\\\/\\\/makeup-display.com\\\/#website\",\"url\":\"https:\\\/\\\/makeup-display.com\\\/\",\"name\":\"China Makeup Display Manufacturer\",\"description\":\"Custom Acrylic Makeup Display Stands\",\"publisher\":{\"@id\":\"https:\\\/\\\/makeup-display.com\\\/#organization\"},\"potentialAction\":[{\"@type\":\"SearchAction\",\"target\":{\"@type\":\"EntryPoint\",\"urlTemplate\":\"https:\\\/\\\/makeup-display.com\\\/?s={search_term_string}\"},\"query-input\":{\"@type\":\"PropertyValueSpecification\",\"valueRequired\":true,\"valueName\":\"search_term_string\"}}],\"inLanguage\":\"tr\"},{\"@type\":\"Organization\",\"@id\":\"https:\\\/\\\/makeup-display.com\\\/#organization\",\"name\":\"China Makeup Display Manufacturer\",\"url\":\"https:\\\/\\\/makeup-display.com\\\/\",\"logo\":{\"@type\":\"ImageObject\",\"inLanguage\":\"tr\",\"@id\":\"https:\\\/\\\/makeup-display.com\\\/#\\\/schema\\\/logo\\\/image\\\/\",\"url\":\"https:\\\/\\\/makeup-display.com\\\/wp-content\\\/uploads\\\/2021\\\/07\\\/logo-20210714.png\",\"contentUrl\":\"https:\\\/\\\/makeup-display.com\\\/wp-content\\\/uploads\\\/2021\\\/07\\\/logo-20210714.png\",\"width\":400,\"height\":64,\"caption\":\"China Makeup Display Manufacturer\"},\"image\":{\"@id\":\"https:\\\/\\\/makeup-display.com\\\/#\\\/schema\\\/logo\\\/image\\\/\"}}]}<\/script>\n<!-- \/ Yoast SEO plugin. -->","yoast_head_json":{"title":"Do\u011frudan \u00c7in fabrikas\u0131ndan akrilik makyaj ekran\u0131 nas\u0131l sipari\u015f edilir?","description":"L\u00fctfen bize makyaj ekran\u0131 hakk\u0131nda ayr\u0131nt\u0131l\u0131 gereksiniminizi s\u00f6yleyin, yak\u0131nda sizin i\u00e7in teklif verece\u011fiz. Her t\u00fcrl\u00fc te\u015fhir stand\u0131 i\u00e7in \u00f6zel hizmet sunuyoruz.","robots":{"index":"index","follow":"follow","max-snippet":"max-snippet:-1","max-image-preview":"max-image-preview:large","max-video-preview":"max-video-preview:-1"},"canonical":"https:\/\/makeup-display.com\/tr\/how-to-order\/","og_locale":"tr_TR","og_type":"article","og_title":"How to order acrylic makeup display from direct Chinese factory?","og_description":"Just please tell us your detailed requirement about the makeup display, we will quote for you soon. We offer custom service for all kinds of display stands.","og_url":"https:\/\/makeup-display.com\/tr\/how-to-order\/","og_site_name":"China Makeup Display Manufacturer","article_modified_time":"2023-01-30T08:41:06+00:00","og_image":[{"url":"https:\/\/makeup-display.com\/wp-content\/uploads\/2022\/03\/How-to-order-from-us.png","type":"","width":"","height":""}],"twitter_misc":{"Tahmini okuma s\u00fcresi":"1 dakika"},"schema":{"@context":"https:\/\/schema.org","@graph":[{"@type":"WebPage","@id":"https:\/\/makeup-display.com\/how-to-order\/","url":"https:\/\/makeup-display.com\/how-to-order\/","name":"Do\u011frudan \u00c7in fabrikas\u0131ndan akrilik makyaj ekran\u0131 nas\u0131l sipari\u015f edilir?","isPartOf":{"@id":"https:\/\/makeup-display.com\/#website"},"primaryImageOfPage":{"@id":"https:\/\/makeup-display.com\/how-to-order\/#primaryimage"},"image":{"@id":"https:\/\/makeup-display.com\/how-to-order\/#primaryimage"},"thumbnailUrl":"https:\/\/makeup-display.com\/wp-content\/uploads\/2022\/03\/How-to-order-from-us.png","datePublished":"2016-12-02T14:07:17+00:00","dateModified":"2023-01-30T08:41:06+00:00","description":"L\u00fctfen bize makyaj ekran\u0131 hakk\u0131nda ayr\u0131nt\u0131l\u0131 gereksiniminizi s\u00f6yleyin, yak\u0131nda sizin i\u00e7in teklif verece\u011fiz. Her t\u00fcrl\u00fc te\u015fhir stand\u0131 i\u00e7in \u00f6zel hizmet sunuyoruz.","breadcrumb":{"@id":"https:\/\/makeup-display.com\/how-to-order\/#breadcrumb"},"inLanguage":"tr","potentialAction":[{"@type":"ReadAction","target":["https:\/\/makeup-display.com\/how-to-order\/"]}]},{"@type":"ImageObject","inLanguage":"tr","@id":"https:\/\/makeup-display.com\/how-to-order\/#primaryimage","url":"https:\/\/makeup-display.com\/wp-content\/uploads\/2022\/03\/How-to-order-from-us.png","contentUrl":"https:\/\/makeup-display.com\/wp-content\/uploads\/2022\/03\/How-to-order-from-us.png"},{"@type":"BreadcrumbList","@id":"https:\/\/makeup-display.com\/how-to-order\/#breadcrumb","itemListElement":[{"@type":"ListItem","position":1,"name":"\u9996\u9875","item":"https:\/\/makeup-display.com\/"},{"@type":"ListItem","position":2,"name":"Custom service"}]},{"@type":"WebSite","@id":"https:\/\/makeup-display.com\/#website","url":"https:\/\/makeup-display.com\/","name":"\u00c7in Makyaj Ekran\u0131 \u00dcreticisi","description":"\u00d6zel Akrilik Makyaj Te\u015fhir Standlar\u0131","publisher":{"@id":"https:\/\/makeup-display.com\/#organization"},"potentialAction":[{"@type":"SearchAction","target":{"@type":"EntryPoint","urlTemplate":"https:\/\/makeup-display.com\/?s={search_term_string}"},"query-input":{"@type":"PropertyValueSpecification","valueRequired":true,"valueName":"search_term_string"}}],"inLanguage":"tr"},{"@type":"Organization","@id":"https:\/\/makeup-display.com\/#organization","name":"\u00c7in Makyaj Ekran\u0131 \u00dcreticisi","url":"https:\/\/makeup-display.com\/","logo":{"@type":"ImageObject","inLanguage":"tr","@id":"https:\/\/makeup-display.com\/#\/schema\/logo\/image\/","url":"https:\/\/makeup-display.com\/wp-content\/uploads\/2021\/07\/logo-20210714.png","contentUrl":"https:\/\/makeup-display.com\/wp-content\/uploads\/2021\/07\/logo-20210714.png","width":400,"height":64,"caption":"China Makeup Display Manufacturer"},"image":{"@id":"https:\/\/makeup-display.com\/#\/schema\/logo\/image\/"}}]}},"_links":{"self":[{"href":"https:\/\/makeup-display.com\/tr\/wp-json\/wp\/v2\/pages\/2848","targetHints":{"allow":["GET"]}}],"collection":[{"href":"https:\/\/makeup-display.com\/tr\/wp-json\/wp\/v2\/pages"}],"about":[{"href":"https:\/\/makeup-display.com\/tr\/wp-json\/wp\/v2\/types\/page"}],"author":[{"embeddable":true,"href":"https:\/\/makeup-display.com\/tr\/wp-json\/wp\/v2\/users\/1"}],"replies":[{"embeddable":true,"href":"https:\/\/makeup-display.com\/tr\/wp-json\/wp\/v2\/comments?post=2848"}],"version-history":[{"count":0,"href":"https:\/\/makeup-display.com\/tr\/wp-json\/wp\/v2\/pages\/2848\/revisions"}],"wp:attachment":[{"href":"https:\/\/makeup-display.com\/tr\/wp-json\/wp\/v2\/media?parent=2848"}],"curies":[{"name":"wp","href":"https:\/\/api.w.org\/{rel}","templated":true}]}}