{"id":55,"date":"2016-12-02T13:37:39","date_gmt":"2016-12-02T05:37:39","guid":{"rendered":"http:\/\/rt18-t1028.bshark.com\/?page_id=55"},"modified":"2023-02-12T23:56:12","modified_gmt":"2023-02-13T07:56:12","slug":"about-us","status":"publish","type":"page","link":"https:\/\/makeup-display.com\/tr\/about-us\/","title":{"rendered":"Hakk\u0131m\u0131zda"},"content":{"rendered":"<p><strong>Pazar \u015e\u00f6valyesi<sup>\u00ae<\/sup> Makyaj Ekran\u0131<\/strong> Dongguan City, Guangdong Eyaleti, \u00c7in merkezli lider bir \u00f6zel akrilik ekran \u00fcreticisidir. \u015eirketimiz, kozmetik ve g\u00fczellik end\u00fcstrisine y\u00fcksek kaliteli ve yenilik\u00e7i akrilik ekran \u00e7\u00f6z\u00fcmleri sunmaya kendini adam\u0131\u015ft\u0131r. Kalite ve m\u00fc\u015fteri memnuniyetine odaklanarak, makyaj ekran standlar\u0131, kozmetik ekranlar, ruj ekran standlar\u0131, makyaj f\u0131r\u00e7as\u0131 ekranlar\u0131, cilt bak\u0131m \u00fcr\u00fcnleri ekranlar\u0131, ka\u015f kalemi ekranlar\u0131, kirpik ekranlar\u0131, kirpik kutular\u0131, y\u00fcz maskesi ekran standlar\u0131, makyaj organizat\u00f6rleri, oje ekran standlar\u0131, parf\u00fcm ekran standlar\u0131 ve daha fazlas\u0131 dahil olmak \u00fczere \u00e7ok \u00e7e\u015fitli akrilik ekranlar\u0131n \u00fcretiminde uzman\u0131z.<\/p>\n<p>Kozmetik ve g\u00fczellik end\u00fcstrisinin y\u00fcksek standartlar\u0131n\u0131 kar\u015f\u0131layan \u00fcr\u00fcnler sunman\u0131n \u00f6nemini biliyoruz. Bu nedenle, maksimum \u00fcretim kapasitesiyle en kaliteli \u00fcr\u00fcnleri \u00fcretebilmemizi sa\u011flamak i\u00e7in \u00f6zel at\u00f6lyelere, kalifiye \u00e7al\u0131\u015fanlara ve y\u00fcksek performansl\u0131 makinelere yat\u0131r\u0131m yapt\u0131k. \u00c7e\u015fitli ODM ve OEM sipari\u015flerini \u00fcstlenebilme kabiliyetimiz de m\u00fc\u015fterilerimizin benzersiz ihtiya\u00e7lar\u0131n\u0131 kar\u015f\u0131layan \u00f6zelle\u015ftirilmi\u015f \u00e7\u00f6z\u00fcmler sunmam\u0131z\u0131 sa\u011fl\u0131yor.<\/p>\n\n<div class=\"wp-block-image\">\n<figure class=\"aligncenter size-full\"><img decoding=\"async\" width=\"750\" height=\"500\" src=\"https:\/\/makeup-display.com\/wp-content\/uploads\/2022\/03\/Our-workshop.jpg\" alt=\"At\u00f6lyemiz\" class=\"wp-image-6569\" srcset=\"https:\/\/makeup-display.com\/wp-content\/uploads\/2022\/03\/Our-workshop.jpg 750w, https:\/\/makeup-display.com\/wp-content\/uploads\/2022\/03\/Our-workshop-400x267.jpg 400w\" sizes=\"(max-width: 750px) 100vw, 750px\" \/><\/figure>\n<\/div>\n\n\n<p>Sunday Knight'ta<sup>\u00ae<\/sup> Makeup Display olarak, m\u00fc\u015fterilerimize m\u00fcmk\u00fcn olan en iyi al\u0131\u015fveri\u015f deneyimini sunmay\u0131 taahh\u00fct ediyoruz. \u00dcr\u00fcnlerimiz y\u00fcksek talep g\u00f6r\u00fcyor ve ABD, Avrupa, Avustralya, Japonya ve Orta Do\u011fu gibi \u00fclkelere k\u00fcresel olarak ihra\u00e7 ediliyor. Kalite ve m\u00fc\u015fteri memnuniyetine odaklanmam\u0131z bize sekt\u00f6rde g\u00fc\u00e7l\u00fc bir itibar kazand\u0131rd\u0131 ve m\u00fc\u015fterilerimizle uzun s\u00fcreli ili\u015fkiler kurmam\u0131z\u0131 sa\u011flad\u0131.<\/p>\n\n\n\n<p>Kaliteye olan ba\u011fl\u0131l\u0131\u011f\u0131m\u0131z\u0131n yan\u0131 s\u0131ra, kendimizi m\u00fckemmel m\u00fc\u015fteri hizmeti sunmaya da adad\u0131k. Uzmanlardan olu\u015fan ekibimiz, her t\u00fcrl\u00fc soru veya endi\u015feyi yan\u0131tlamak ve ilk dan\u0131\u015fmanl\u0131ktan nihai teslimata kadar t\u00fcm s\u00fcre\u00e7 boyunca destek sa\u011flamak i\u00e7in her zaman haz\u0131rd\u0131r.<\/p>\n\n\n\n<p>Sonu\u00e7 olarak, kozmetik ve g\u00fczellik end\u00fcstrisi i\u00e7in g\u00fcvenilir ve g\u00fcvenilir bir \u00f6zel akrilik ekran \u00fcreticisine ihtiyac\u0131n\u0131z varsa, Sunday Knight'tan ba\u015fkas\u0131na bakmay\u0131n<sup>\u00ae<\/sup> Makyaj Te\u015fhir \u00dcr\u00fcnleri. Kaliteye olan g\u00fc\u00e7l\u00fc ba\u011fl\u0131l\u0131\u011f\u0131m\u0131z, \u00e7e\u015fitli \u00f6zelle\u015ftirmelerimiz ve \u00f6zel uzman ekibimizle, t\u00fcm makyaj ekran\u0131 ihtiya\u00e7lar\u0131n\u0131z i\u00e7in ideal se\u00e7imiz.<\/p>\n\n\n\n<p><\/p>\n\n\n\n<h2 class=\"wp-block-heading\">Neden bizi se\u00e7melisiniz?<\/h2>\n\n\n\n<p><strong>M\u00fckemmel m\u00fc\u015fteri hizmetleri<\/strong><br>Uzman ekibimiz destek sa\u011flamak ve sorular\u0131n\u0131z\u0131 yan\u0131tlamak i\u00e7in her zaman haz\u0131rd\u0131r.<\/p>\n\n\n\n<p><strong>Uygun maliyetli \u00e7\u00f6z\u00fcmler<\/strong><br>Arac\u0131lar\u0131 ortadan kald\u0131rarak \u00fcr\u00fcnlerimizi kaliteden \u00f6d\u00fcn vermeden daha d\u00fc\u015f\u00fck maliyetle sunabiliyoruz.<\/p>\n\n\n\n<p><strong>Y\u00fcksek kaliteli \u00fcr\u00fcnler<\/strong><br>Kozmetik ve g\u00fczellik end\u00fcstrisinin en y\u00fcksek standartlar\u0131n\u0131 kar\u015f\u0131layan \u00fcr\u00fcnler \u00fcretmek i\u00e7in yaln\u0131zca en iyi malzemeleri ve en son teknolojiyi kullan\u0131yoruz.<\/p>\n\n\n\n<p><strong>Tasar\u0131mda esneklik<\/strong><br>Markan\u0131za \u00f6zg\u00fc bir \u00fcr\u00fcne sahip olman\u0131n \u00f6nemini anl\u0131yoruz, bu nedenle akrilik ekran\u0131n\u0131z\u0131n di\u011ferlerinden farkl\u0131 olmas\u0131n\u0131 sa\u011flamak i\u00e7in ki\u015fiselle\u015ftirilmi\u015f \u00f6zelle\u015ftirme hizmetleri sunuyoruz.<\/p>\n\n\n\n<p><strong>H\u0131zl\u0131 ve verimli \u00fcretim<\/strong><br>Do\u011frudan bir \u00fcretici olarak, \u00fcretim s\u00fcrecini ba\u015ftan sona kontrol edebiliyor ve acil sipari\u015fler i\u00e7in bile h\u0131zl\u0131 teslimat s\u00fcreleri sa\u011flayabiliyoruz.<\/p>\n\n\n\n<p><strong>Sekt\u00f6rde uzmanl\u0131k<\/strong><br>Akrilik ekran \u00fcretiminde uzun y\u0131llara dayanan deneyimimizle, sekt\u00f6r hakk\u0131nda derin bir anlay\u0131\u015f geli\u015ftirdik ve \u00fcnl\u00fc m\u00fc\u015fteriler de dahil olmak \u00fczere bir dizi m\u00fc\u015fteriyle \u00e7al\u0131\u015ft\u0131k.<\/p>\n\n\n\n<p>Sonu\u00e7 olarak, Sunday Knight'\u0131 se\u00e7mek<sup>\u00ae<\/sup> \u00d6zel akrilik ekran \u00e7\u00f6z\u00fcm\u00fc sa\u011flay\u0131c\u0131n\u0131z olarak Makeup Display, maliyet tasarrufu, kalite garantileri, ki\u015fiselle\u015ftirilmi\u015f \u00f6zelle\u015ftirme, h\u0131zl\u0131 teslimat s\u00fcreleri ve sekt\u00f6rdeki uzmanl\u0131k dahil olmak \u00fczere \u00e7ok say\u0131da avantaj sunar. Vizyonunuzu hayata ge\u00e7irmenize nas\u0131l yard\u0131mc\u0131 olabilece\u011fimizi g\u00f6rmek i\u00e7in bug\u00fcn bize ula\u015f\u0131n.<\/p>\n\n\n\n<h3 class=\"wp-block-heading\"><mark style=\"background-color:rgba(0, 0, 0, 0)\" class=\"has-inline-color has-vivid-purple-color\">\u0130\u015fbirli\u011fi Ortaklar\u0131m\u0131zdan Baz\u0131lar\u0131 :<\/mark><\/h3>\n\n\n<div class=\"wp-block-image\">\n<figure class=\"aligncenter size-full\"><img decoding=\"async\" width=\"1200\" height=\"190\" src=\"https:\/\/makeup-display.com\/wp-content\/uploads\/2022\/03\/Our-Cooperation-Partners.png\" alt=\"\u0130\u015fbirli\u011fi Ortaklar\u0131m\u0131z\" class=\"wp-image-6572\" srcset=\"https:\/\/makeup-display.com\/wp-content\/uploads\/2022\/03\/Our-Cooperation-Partners.png 1200w, https:\/\/makeup-display.com\/wp-content\/uploads\/2022\/03\/Our-Cooperation-Partners-400x63.png 400w, https:\/\/makeup-display.com\/wp-content\/uploads\/2022\/03\/Our-Cooperation-Partners-768x122.png 768w\" sizes=\"(max-width: 1200px) 100vw, 1200px\" \/><\/figure>\n<\/div>\n\n\n<p><\/p>","protected":false},"excerpt":{"rendered":"","protected":false},"author":1,"featured_media":0,"parent":0,"menu_order":0,"comment_status":"closed","ping_status":"closed","template":"","meta":{"footnotes":""},"class_list":["post-55","page","type-page","status-publish","hentry"],"yoast_head":"<!-- This site is optimized with the Yoast SEO plugin v27.3 - https:\/\/yoast.com\/product\/yoast-seo-wordpress\/ -->\n<title>About us - Professional Chinese makeup display factory<\/title>\n<meta name=\"description\" content=\"We specialized in making Makeup display stand, Cosmetic display, Lipstick display stand, Makeup brush display, Skin care product display\" \/>\n<meta name=\"robots\" content=\"index, follow, max-snippet:-1, max-image-preview:large, max-video-preview:-1\" \/>\n<link rel=\"canonical\" href=\"https:\/\/makeup-display.com\/tr\/about-us\/\" \/>\n<meta property=\"og:locale\" content=\"tr_TR\" \/>\n<meta property=\"og:type\" content=\"article\" \/>\n<meta property=\"og:title\" content=\"About us - Professional Chinese makeup display factory\" \/>\n<meta property=\"og:description\" content=\"We specialized in making Makeup display stand, Cosmetic display, Lipstick display stand, Makeup brush display, Skin care product display\" \/>\n<meta property=\"og:url\" content=\"https:\/\/makeup-display.com\/tr\/about-us\/\" \/>\n<meta property=\"og:site_name\" content=\"China Makeup Display Manufacturer\" \/>\n<meta property=\"article:modified_time\" content=\"2023-02-13T07:56:12+00:00\" \/>\n<meta property=\"og:image\" content=\"https:\/\/makeup-display.com\/wp-content\/uploads\/2022\/03\/Our-workshop.jpg\" \/>\n<meta name=\"twitter:label1\" content=\"Tahmini okuma s\u00fcresi\" \/>\n\t<meta name=\"twitter:data1\" content=\"3 dakika\" \/>\n<script type=\"application\/ld+json\" class=\"yoast-schema-graph\">{\"@context\":\"https:\\\/\\\/schema.org\",\"@graph\":[{\"@type\":\"WebPage\",\"@id\":\"https:\\\/\\\/makeup-display.com\\\/about-us\\\/\",\"url\":\"https:\\\/\\\/makeup-display.com\\\/about-us\\\/\",\"name\":\"About us - Professional Chinese makeup display factory\",\"isPartOf\":{\"@id\":\"https:\\\/\\\/makeup-display.com\\\/#website\"},\"primaryImageOfPage\":{\"@id\":\"https:\\\/\\\/makeup-display.com\\\/about-us\\\/#primaryimage\"},\"image\":{\"@id\":\"https:\\\/\\\/makeup-display.com\\\/about-us\\\/#primaryimage\"},\"thumbnailUrl\":\"https:\\\/\\\/makeup-display.com\\\/wp-content\\\/uploads\\\/2022\\\/03\\\/Our-workshop.jpg\",\"datePublished\":\"2016-12-02T05:37:39+00:00\",\"dateModified\":\"2023-02-13T07:56:12+00:00\",\"description\":\"We specialized in making Makeup display stand, Cosmetic display, Lipstick display stand, Makeup brush display, Skin care product display\",\"breadcrumb\":{\"@id\":\"https:\\\/\\\/makeup-display.com\\\/about-us\\\/#breadcrumb\"},\"inLanguage\":\"tr\",\"potentialAction\":[{\"@type\":\"ReadAction\",\"target\":[\"https:\\\/\\\/makeup-display.com\\\/about-us\\\/\"]}]},{\"@type\":\"ImageObject\",\"inLanguage\":\"tr\",\"@id\":\"https:\\\/\\\/makeup-display.com\\\/about-us\\\/#primaryimage\",\"url\":\"https:\\\/\\\/makeup-display.com\\\/wp-content\\\/uploads\\\/2022\\\/03\\\/Our-workshop.jpg\",\"contentUrl\":\"https:\\\/\\\/makeup-display.com\\\/wp-content\\\/uploads\\\/2022\\\/03\\\/Our-workshop.jpg\"},{\"@type\":\"BreadcrumbList\",\"@id\":\"https:\\\/\\\/makeup-display.com\\\/about-us\\\/#breadcrumb\",\"itemListElement\":[{\"@type\":\"ListItem\",\"position\":1,\"name\":\"\u9996\u9875\",\"item\":\"https:\\\/\\\/makeup-display.com\\\/\"},{\"@type\":\"ListItem\",\"position\":2,\"name\":\"About us\"}]},{\"@type\":\"WebSite\",\"@id\":\"https:\\\/\\\/makeup-display.com\\\/#website\",\"url\":\"https:\\\/\\\/makeup-display.com\\\/\",\"name\":\"China Makeup Display Manufacturer\",\"description\":\"Custom Acrylic Makeup Display Stands\",\"publisher\":{\"@id\":\"https:\\\/\\\/makeup-display.com\\\/#organization\"},\"potentialAction\":[{\"@type\":\"SearchAction\",\"target\":{\"@type\":\"EntryPoint\",\"urlTemplate\":\"https:\\\/\\\/makeup-display.com\\\/?s={search_term_string}\"},\"query-input\":{\"@type\":\"PropertyValueSpecification\",\"valueRequired\":true,\"valueName\":\"search_term_string\"}}],\"inLanguage\":\"tr\"},{\"@type\":\"Organization\",\"@id\":\"https:\\\/\\\/makeup-display.com\\\/#organization\",\"name\":\"China Makeup Display Manufacturer\",\"url\":\"https:\\\/\\\/makeup-display.com\\\/\",\"logo\":{\"@type\":\"ImageObject\",\"inLanguage\":\"tr\",\"@id\":\"https:\\\/\\\/makeup-display.com\\\/#\\\/schema\\\/logo\\\/image\\\/\",\"url\":\"https:\\\/\\\/makeup-display.com\\\/wp-content\\\/uploads\\\/2021\\\/07\\\/logo-20210714.png\",\"contentUrl\":\"https:\\\/\\\/makeup-display.com\\\/wp-content\\\/uploads\\\/2021\\\/07\\\/logo-20210714.png\",\"width\":400,\"height\":64,\"caption\":\"China Makeup Display Manufacturer\"},\"image\":{\"@id\":\"https:\\\/\\\/makeup-display.com\\\/#\\\/schema\\\/logo\\\/image\\\/\"}}]}<\/script>\n<!-- \/ Yoast SEO plugin. -->","yoast_head_json":{"title":"Hakk\u0131m\u0131zda - Profesyonel \u00c7in makyaj ekran\u0131 fabrikas\u0131","description":"Makyaj te\u015fhir stand\u0131, Kozmetik te\u015fhir stand\u0131, Ruj te\u015fhir stand\u0131, Makyaj f\u0131r\u00e7as\u0131 te\u015fhir stand\u0131, Cilt bak\u0131m \u00fcr\u00fcn\u00fc te\u015fhir stand\u0131 yap\u0131m\u0131nda uzmanla\u015ft\u0131k.","robots":{"index":"index","follow":"follow","max-snippet":"max-snippet:-1","max-image-preview":"max-image-preview:large","max-video-preview":"max-video-preview:-1"},"canonical":"https:\/\/makeup-display.com\/tr\/about-us\/","og_locale":"tr_TR","og_type":"article","og_title":"About us - Professional Chinese makeup display factory","og_description":"We specialized in making Makeup display stand, Cosmetic display, Lipstick display stand, Makeup brush display, Skin care product display","og_url":"https:\/\/makeup-display.com\/tr\/about-us\/","og_site_name":"China Makeup Display Manufacturer","article_modified_time":"2023-02-13T07:56:12+00:00","og_image":[{"url":"https:\/\/makeup-display.com\/wp-content\/uploads\/2022\/03\/Our-workshop.jpg","type":"","width":"","height":""}],"twitter_misc":{"Tahmini okuma s\u00fcresi":"3 dakika"},"schema":{"@context":"https:\/\/schema.org","@graph":[{"@type":"WebPage","@id":"https:\/\/makeup-display.com\/about-us\/","url":"https:\/\/makeup-display.com\/about-us\/","name":"Hakk\u0131m\u0131zda - Profesyonel \u00c7in makyaj ekran\u0131 fabrikas\u0131","isPartOf":{"@id":"https:\/\/makeup-display.com\/#website"},"primaryImageOfPage":{"@id":"https:\/\/makeup-display.com\/about-us\/#primaryimage"},"image":{"@id":"https:\/\/makeup-display.com\/about-us\/#primaryimage"},"thumbnailUrl":"https:\/\/makeup-display.com\/wp-content\/uploads\/2022\/03\/Our-workshop.jpg","datePublished":"2016-12-02T05:37:39+00:00","dateModified":"2023-02-13T07:56:12+00:00","description":"Makyaj te\u015fhir stand\u0131, Kozmetik te\u015fhir stand\u0131, Ruj te\u015fhir stand\u0131, Makyaj f\u0131r\u00e7as\u0131 te\u015fhir stand\u0131, Cilt bak\u0131m \u00fcr\u00fcn\u00fc te\u015fhir stand\u0131 yap\u0131m\u0131nda uzmanla\u015ft\u0131k.","breadcrumb":{"@id":"https:\/\/makeup-display.com\/about-us\/#breadcrumb"},"inLanguage":"tr","potentialAction":[{"@type":"ReadAction","target":["https:\/\/makeup-display.com\/about-us\/"]}]},{"@type":"ImageObject","inLanguage":"tr","@id":"https:\/\/makeup-display.com\/about-us\/#primaryimage","url":"https:\/\/makeup-display.com\/wp-content\/uploads\/2022\/03\/Our-workshop.jpg","contentUrl":"https:\/\/makeup-display.com\/wp-content\/uploads\/2022\/03\/Our-workshop.jpg"},{"@type":"BreadcrumbList","@id":"https:\/\/makeup-display.com\/about-us\/#breadcrumb","itemListElement":[{"@type":"ListItem","position":1,"name":"\u9996\u9875","item":"https:\/\/makeup-display.com\/"},{"@type":"ListItem","position":2,"name":"About us"}]},{"@type":"WebSite","@id":"https:\/\/makeup-display.com\/#website","url":"https:\/\/makeup-display.com\/","name":"\u00c7in Makyaj Ekran\u0131 \u00dcreticisi","description":"\u00d6zel Akrilik Makyaj Te\u015fhir Standlar\u0131","publisher":{"@id":"https:\/\/makeup-display.com\/#organization"},"potentialAction":[{"@type":"SearchAction","target":{"@type":"EntryPoint","urlTemplate":"https:\/\/makeup-display.com\/?s={search_term_string}"},"query-input":{"@type":"PropertyValueSpecification","valueRequired":true,"valueName":"search_term_string"}}],"inLanguage":"tr"},{"@type":"Organization","@id":"https:\/\/makeup-display.com\/#organization","name":"\u00c7in Makyaj Ekran\u0131 \u00dcreticisi","url":"https:\/\/makeup-display.com\/","logo":{"@type":"ImageObject","inLanguage":"tr","@id":"https:\/\/makeup-display.com\/#\/schema\/logo\/image\/","url":"https:\/\/makeup-display.com\/wp-content\/uploads\/2021\/07\/logo-20210714.png","contentUrl":"https:\/\/makeup-display.com\/wp-content\/uploads\/2021\/07\/logo-20210714.png","width":400,"height":64,"caption":"China Makeup Display Manufacturer"},"image":{"@id":"https:\/\/makeup-display.com\/#\/schema\/logo\/image\/"}}]}},"_links":{"self":[{"href":"https:\/\/makeup-display.com\/tr\/wp-json\/wp\/v2\/pages\/55","targetHints":{"allow":["GET"]}}],"collection":[{"href":"https:\/\/makeup-display.com\/tr\/wp-json\/wp\/v2\/pages"}],"about":[{"href":"https:\/\/makeup-display.com\/tr\/wp-json\/wp\/v2\/types\/page"}],"author":[{"embeddable":true,"href":"https:\/\/makeup-display.com\/tr\/wp-json\/wp\/v2\/users\/1"}],"replies":[{"embeddable":true,"href":"https:\/\/makeup-display.com\/tr\/wp-json\/wp\/v2\/comments?post=55"}],"version-history":[{"count":0,"href":"https:\/\/makeup-display.com\/tr\/wp-json\/wp\/v2\/pages\/55\/revisions"}],"wp:attachment":[{"href":"https:\/\/makeup-display.com\/tr\/wp-json\/wp\/v2\/media?parent=55"}],"curies":[{"name":"wp","href":"https:\/\/api.w.org\/{rel}","templated":true}]}}