{"id":84,"date":"2016-12-02T14:46:51","date_gmt":"2016-12-02T06:46:51","guid":{"rendered":"http:\/\/rt18-t1028.bshark.com\/?page_id=84"},"modified":"2019-05-10T18:50:58","modified_gmt":"2019-05-11T01:50:58","slug":"contact-us","status":"publish","type":"page","link":"https:\/\/makeup-display.com\/tr\/contact-us\/","title":{"rendered":"Bize ula\u015f\u0131n"},"content":{"rendered":"","protected":false},"excerpt":{"rendered":"","protected":false},"author":1,"featured_media":0,"parent":0,"menu_order":0,"comment_status":"open","ping_status":"closed","template":"","meta":{"footnotes":""},"class_list":["post-84","page","type-page","status-publish","hentry"],"yoast_head":"<!-- This site is optimized with the Yoast SEO plugin v27.3 - https:\/\/yoast.com\/product\/yoast-seo-wordpress\/ -->\n<title>Contact direct China makeup display manufacturer to get free quotation<\/title>\n<meta name=\"description\" content=\"Are you looking for a direct China acrylic makeup display manufacturer? Please do not hesitate to contact us, worldwide shipping.\" \/>\n<meta name=\"robots\" content=\"index, follow, max-snippet:-1, max-image-preview:large, max-video-preview:-1\" \/>\n<link rel=\"canonical\" href=\"https:\/\/makeup-display.com\/tr\/contact-us\/\" \/>\n<meta property=\"og:locale\" content=\"tr_TR\" \/>\n<meta property=\"og:type\" content=\"article\" \/>\n<meta property=\"og:title\" content=\"Contact direct China makeup display manufacturer to get free quotation\" \/>\n<meta property=\"og:description\" content=\"Are you looking for a direct China acrylic makeup display manufacturer? Please do not hesitate to contact us, worldwide shipping.\" \/>\n<meta property=\"og:url\" content=\"https:\/\/makeup-display.com\/tr\/contact-us\/\" \/>\n<meta property=\"og:site_name\" content=\"China Makeup Display Manufacturer\" \/>\n<meta property=\"article:modified_time\" content=\"2019-05-11T01:50:58+00:00\" \/>\n<script type=\"application\/ld+json\" class=\"yoast-schema-graph\">{\"@context\":\"https:\\\/\\\/schema.org\",\"@graph\":[{\"@type\":\"WebPage\",\"@id\":\"https:\\\/\\\/makeup-display.com\\\/contact-us\\\/\",\"url\":\"https:\\\/\\\/makeup-display.com\\\/contact-us\\\/\",\"name\":\"Contact direct China makeup display manufacturer to get free quotation\",\"isPartOf\":{\"@id\":\"https:\\\/\\\/makeup-display.com\\\/#website\"},\"datePublished\":\"2016-12-02T06:46:51+00:00\",\"dateModified\":\"2019-05-11T01:50:58+00:00\",\"description\":\"Are you looking for a direct China acrylic makeup display manufacturer? Please do not hesitate to contact us, worldwide shipping.\",\"breadcrumb\":{\"@id\":\"https:\\\/\\\/makeup-display.com\\\/contact-us\\\/#breadcrumb\"},\"inLanguage\":\"tr\",\"potentialAction\":[{\"@type\":\"ReadAction\",\"target\":[\"https:\\\/\\\/makeup-display.com\\\/contact-us\\\/\"]}]},{\"@type\":\"BreadcrumbList\",\"@id\":\"https:\\\/\\\/makeup-display.com\\\/contact-us\\\/#breadcrumb\",\"itemListElement\":[{\"@type\":\"ListItem\",\"position\":1,\"name\":\"\u9996\u9875\",\"item\":\"https:\\\/\\\/makeup-display.com\\\/\"},{\"@type\":\"ListItem\",\"position\":2,\"name\":\"Contact us\"}]},{\"@type\":\"WebSite\",\"@id\":\"https:\\\/\\\/makeup-display.com\\\/#website\",\"url\":\"https:\\\/\\\/makeup-display.com\\\/\",\"name\":\"China Makeup Display Manufacturer\",\"description\":\"Custom Acrylic Makeup Display Stands\",\"publisher\":{\"@id\":\"https:\\\/\\\/makeup-display.com\\\/#organization\"},\"potentialAction\":[{\"@type\":\"SearchAction\",\"target\":{\"@type\":\"EntryPoint\",\"urlTemplate\":\"https:\\\/\\\/makeup-display.com\\\/?s={search_term_string}\"},\"query-input\":{\"@type\":\"PropertyValueSpecification\",\"valueRequired\":true,\"valueName\":\"search_term_string\"}}],\"inLanguage\":\"tr\"},{\"@type\":\"Organization\",\"@id\":\"https:\\\/\\\/makeup-display.com\\\/#organization\",\"name\":\"China Makeup Display Manufacturer\",\"url\":\"https:\\\/\\\/makeup-display.com\\\/\",\"logo\":{\"@type\":\"ImageObject\",\"inLanguage\":\"tr\",\"@id\":\"https:\\\/\\\/makeup-display.com\\\/#\\\/schema\\\/logo\\\/image\\\/\",\"url\":\"https:\\\/\\\/makeup-display.com\\\/wp-content\\\/uploads\\\/2021\\\/07\\\/logo-20210714.png\",\"contentUrl\":\"https:\\\/\\\/makeup-display.com\\\/wp-content\\\/uploads\\\/2021\\\/07\\\/logo-20210714.png\",\"width\":400,\"height\":64,\"caption\":\"China Makeup Display Manufacturer\"},\"image\":{\"@id\":\"https:\\\/\\\/makeup-display.com\\\/#\\\/schema\\\/logo\\\/image\\\/\"}}]}<\/script>\n<!-- \/ Yoast SEO plugin. -->","yoast_head_json":{"title":"\u00dccretsiz teklif almak i\u00e7in do\u011frudan \u00c7in makyaj ekran\u0131 \u00fcreticisi ile ileti\u015fime ge\u00e7in","description":"Do\u011frudan bir \u00c7in akrilik makyaj ekran\u0131 \u00fcreticisi mi ar\u0131yorsunuz? L\u00fctfen bizimle ileti\u015fime ge\u00e7mekten \u00e7ekinmeyin, d\u00fcnya \u00e7ap\u0131nda nakliye.","robots":{"index":"index","follow":"follow","max-snippet":"max-snippet:-1","max-image-preview":"max-image-preview:large","max-video-preview":"max-video-preview:-1"},"canonical":"https:\/\/makeup-display.com\/tr\/contact-us\/","og_locale":"tr_TR","og_type":"article","og_title":"Contact direct China makeup display manufacturer to get free quotation","og_description":"Are you looking for a direct China acrylic makeup display manufacturer? Please do not hesitate to contact us, worldwide shipping.","og_url":"https:\/\/makeup-display.com\/tr\/contact-us\/","og_site_name":"China Makeup Display Manufacturer","article_modified_time":"2019-05-11T01:50:58+00:00","schema":{"@context":"https:\/\/schema.org","@graph":[{"@type":"WebPage","@id":"https:\/\/makeup-display.com\/contact-us\/","url":"https:\/\/makeup-display.com\/contact-us\/","name":"\u00dccretsiz teklif almak i\u00e7in do\u011frudan \u00c7in makyaj ekran\u0131 \u00fcreticisi ile ileti\u015fime ge\u00e7in","isPartOf":{"@id":"https:\/\/makeup-display.com\/#website"},"datePublished":"2016-12-02T06:46:51+00:00","dateModified":"2019-05-11T01:50:58+00:00","description":"Do\u011frudan bir \u00c7in akrilik makyaj ekran\u0131 \u00fcreticisi mi ar\u0131yorsunuz? L\u00fctfen bizimle ileti\u015fime ge\u00e7mekten \u00e7ekinmeyin, d\u00fcnya \u00e7ap\u0131nda nakliye.","breadcrumb":{"@id":"https:\/\/makeup-display.com\/contact-us\/#breadcrumb"},"inLanguage":"tr","potentialAction":[{"@type":"ReadAction","target":["https:\/\/makeup-display.com\/contact-us\/"]}]},{"@type":"BreadcrumbList","@id":"https:\/\/makeup-display.com\/contact-us\/#breadcrumb","itemListElement":[{"@type":"ListItem","position":1,"name":"\u9996\u9875","item":"https:\/\/makeup-display.com\/"},{"@type":"ListItem","position":2,"name":"Contact us"}]},{"@type":"WebSite","@id":"https:\/\/makeup-display.com\/#website","url":"https:\/\/makeup-display.com\/","name":"\u00c7in Makyaj Ekran\u0131 \u00dcreticisi","description":"\u00d6zel Akrilik Makyaj Te\u015fhir Standlar\u0131","publisher":{"@id":"https:\/\/makeup-display.com\/#organization"},"potentialAction":[{"@type":"SearchAction","target":{"@type":"EntryPoint","urlTemplate":"https:\/\/makeup-display.com\/?s={search_term_string}"},"query-input":{"@type":"PropertyValueSpecification","valueRequired":true,"valueName":"search_term_string"}}],"inLanguage":"tr"},{"@type":"Organization","@id":"https:\/\/makeup-display.com\/#organization","name":"\u00c7in Makyaj Ekran\u0131 \u00dcreticisi","url":"https:\/\/makeup-display.com\/","logo":{"@type":"ImageObject","inLanguage":"tr","@id":"https:\/\/makeup-display.com\/#\/schema\/logo\/image\/","url":"https:\/\/makeup-display.com\/wp-content\/uploads\/2021\/07\/logo-20210714.png","contentUrl":"https:\/\/makeup-display.com\/wp-content\/uploads\/2021\/07\/logo-20210714.png","width":400,"height":64,"caption":"China Makeup Display Manufacturer"},"image":{"@id":"https:\/\/makeup-display.com\/#\/schema\/logo\/image\/"}}]}},"_links":{"self":[{"href":"https:\/\/makeup-display.com\/tr\/wp-json\/wp\/v2\/pages\/84","targetHints":{"allow":["GET"]}}],"collection":[{"href":"https:\/\/makeup-display.com\/tr\/wp-json\/wp\/v2\/pages"}],"about":[{"href":"https:\/\/makeup-display.com\/tr\/wp-json\/wp\/v2\/types\/page"}],"author":[{"embeddable":true,"href":"https:\/\/makeup-display.com\/tr\/wp-json\/wp\/v2\/users\/1"}],"replies":[{"embeddable":true,"href":"https:\/\/makeup-display.com\/tr\/wp-json\/wp\/v2\/comments?post=84"}],"version-history":[{"count":0,"href":"https:\/\/makeup-display.com\/tr\/wp-json\/wp\/v2\/pages\/84\/revisions"}],"wp:attachment":[{"href":"https:\/\/makeup-display.com\/tr\/wp-json\/wp\/v2\/media?parent=84"}],"curies":[{"name":"wp","href":"https:\/\/api.w.org\/{rel}","templated":true}]}}